{"id":7616,"date":"2019-03-04T11:53:50","date_gmt":"2019-03-04T11:53:50","guid":{"rendered":"http:\/\/www.forceskimya.com\/?post_type=product&#038;p=7616"},"modified":"2019-04-08T13:52:36","modified_gmt":"2019-04-08T13:52:36","slug":"force-mic-drain-giderler-icin-mikroorganizma","status":"publish","type":"product","link":"https:\/\/www.forceskimya.com\/en\/product\/force-mic-drain-giderler-icin-mikroorganizma\/","title":{"rendered":"MICROORGANISM MIC FORCE DRAIN EXPENSES"},"content":{"rendered":"<p>G\u0130DERLER \u0130\u00c7\u0130N M\u0130KROORGAN\u0130ZMA<\/p>","protected":false},"excerpt":{"rendered":"<p><strong>PRODUCT DESCRIPTION:<\/strong> FORCE MIC DRAIN biyolojik bir \u00fcr\u00fcnd\u00fcr. End\u00fcstriyel ve kurumsal alanlarda s\u0131hhi tesisatta olu\u015fan k\u00f6t\u00fc kokular\u0131n giderilmesinde kullan\u0131l\u0131r. Mikroorganizma, enzim ve parf\u00fcm i\u00e7erir. FORCE MIC DRAIN mikroorganizma ve enzim i\u00e7erikli s\u0131v\u0131 bir \u00fcr\u00fcnd\u00fcr. Mikroorganizmalar besin kayna\u011f\u0131 olarak at\u0131klar\u0131 kullanarak b\u00fcy\u00fcrler ve \u00e7o\u011fal\u0131rlar. Bunu yapmak i\u00e7in karma\u015f\u0131k organik molek\u00fclleri h\u00fccre zar\u0131ndan ge\u00e7mesini sa\u011flamak amac\u0131yla k\u00fc\u00e7\u00fck molek\u00fcllere \u00e7eviren enzim \u00fcretirler ve b\u00f6ylece i\u015flem tamamlanm\u0131\u015f olur. \u00dcr\u00fcn giderlere d\u00f6k\u00fcld\u00fc\u011f\u00fc zaman, bakteriler \u00e7\u00f6kelmi\u015f at\u0131klar\u0131n \u00fczerine yerle\u015fir ve organik at\u0131klar tamamen imha edilinceye kadar t\u00fcketime devam ederler. FORCE MIC DRAIN t\u0131kan\u0131kl\u0131\u011f\u0131n sebebi olan organik at\u0131klar\u0131 \u00e7\u00f6zer ve ak\u0131\u015fkan hale getirir. T\u00fcm s\u0131hhi tesisat, hatlar ve borulardaki k\u00f6t\u00fc kokuyu ortadan kald\u0131r\u0131r.<\/p>\n<p><strong>AREAS OF USAGE:<\/strong> Oteller, restoranlar, hastaneler, klinikler, bak\u0131m evleri, okullar gibi alanlar\u0131n s\u0131hhi tesisatlar\u0131nda.<\/p>\n<p><strong>DIRECTIONS FOR USE:<\/strong> Uygulama iki a\u015famal\u0131d\u0131r. Birinci a\u015famada bir hafta boyunca s\u00fcrer. \u0130lk haftan\u0131n sonunda ikinci a\u015famaya ge\u00e7ilir, d\u00fczenli uygulama ba\u015flar. Birinci hafta her g\u00fcn her bir gidere 200 mL FORCE M\u0130C DRA\u0130N seyreltilmeksizin d\u00f6k\u00fcl\u00fcr. \u0130kinci haftan\u0131n ba\u015f\u0131ndan itibaren haftada bir kez her bir gidere 200 mL FORCE M\u0130C DRA\u0130N, 1000 mL \u0131l\u0131k su ile suland\u0131r\u0131larak d\u00f6k\u00fcl\u00fcr. Drenaj sistemi kullan\u0131lm\u0131yorken (gece saatlerinde) uygulamalar yap\u0131l\u0131rsa daha iyi sonu\u00e7 al\u0131n\u0131r. E\u011fer dezenfeksiyon i\u015flemi yap\u0131lm\u0131\u015fsa, uygulama i\u00e7in en az 1 saat beklenmelidir.<\/p>","protected":false},"featured_media":7872,"template":"","meta":[],"product_cat":[40],"product_tag":[],"_links":{"self":[{"href":"https:\/\/www.forceskimya.com\/en\/wp-json\/wp\/v2\/product\/7616"}],"collection":[{"href":"https:\/\/www.forceskimya.com\/en\/wp-json\/wp\/v2\/product"}],"about":[{"href":"https:\/\/www.forceskimya.com\/en\/wp-json\/wp\/v2\/types\/product"}],"wp:featuredmedia":[{"embeddable":true,"href":"https:\/\/www.forceskimya.com\/en\/wp-json\/wp\/v2\/media\/7872"}],"wp:attachment":[{"href":"https:\/\/www.forceskimya.com\/en\/wp-json\/wp\/v2\/media?parent=7616"}],"wp:term":[{"taxonomy":"product_cat","embeddable":true,"href":"https:\/\/www.forceskimya.com\/en\/wp-json\/wp\/v2\/product_cat?post=7616"},{"taxonomy":"product_tag","embeddable":true,"href":"https:\/\/www.forceskimya.com\/en\/wp-json\/wp\/v2\/product_tag?post=7616"}],"curies":[{"name":"wp","href":"https:\/\/api.w.org\/{rel}","templated":true}]}}