{"id":7613,"date":"2019-03-04T11:47:19","date_gmt":"2019-03-04T11:47:19","guid":{"rendered":"http:\/\/www.forceskimya.com\/?post_type=product&#038;p=7613"},"modified":"2019-04-08T13:53:27","modified_gmt":"2019-04-08T13:53:27","slug":"force-lox-asidik-temizleme-sivisi","status":"publish","type":"product","link":"https:\/\/www.forceskimya.com\/en\/product\/force-lox-asidik-temizleme-sivisi\/","title":{"rendered":"FORCE LOX, ACIDIC CLEANSING LIQUID"},"content":{"rendered":"<p>ACIDIC CLEANSING LIQUID<\/p>","protected":false},"excerpt":{"rendered":"<p><strong>PRODUCT DESCRIPTION:<\/strong> Very powerful acidic cleaner. It is a\nstrong dissolver for welding, heat treatment, and all kinds\nof corrosion, rust, and weld tarnishing on the stainless\nsteel surface. It is not flammable. Does not cause\ndiscomfort to the user<\/p>\n<p><strong>AREAS OF USAGE: <\/strong>Heavy industry, automotive group.<\/p>\n<p><strong>DIRECTIONS FOR USE:<\/strong> \u00d6ncelikle y\u00fczeydeki kaynak pislikleri (\u00e7apaklar\u0131n\u0131) temizlenir. \u00dcr\u00fcn 1\/1-1\/3 oranlar\u0131nda seyreltilerek uygulan\u0131r. Uygulama silme, f\u0131r\u00e7alama, p\u00fcsk\u00fcrtme ve dald\u0131rma y\u00f6ntemiyle yap\u0131labilmektedir. Tavsiye edilen uygulama s\u00fcresi 5 ile 30 dakika aras\u0131ndad\u0131r. Daha b\u00fcy\u00fck \u00e7apl\u0131 lekeler i\u00e7in bekleme s\u00fcresi 2 saate kadar \u00e7\u0131kabilir. Uygulama aside dayan\u0131kl\u0131 kaplarda dald\u0131rma y\u00f6ntemiyle de yap\u0131labilir. Uygulama sonras\u0131 y\u00fczey suyla iyice durulan\u0131r.<\/p>","protected":false},"featured_media":7871,"template":"","meta":[],"product_cat":[40],"product_tag":[],"_links":{"self":[{"href":"https:\/\/www.forceskimya.com\/en\/wp-json\/wp\/v2\/product\/7613"}],"collection":[{"href":"https:\/\/www.forceskimya.com\/en\/wp-json\/wp\/v2\/product"}],"about":[{"href":"https:\/\/www.forceskimya.com\/en\/wp-json\/wp\/v2\/types\/product"}],"wp:featuredmedia":[{"embeddable":true,"href":"https:\/\/www.forceskimya.com\/en\/wp-json\/wp\/v2\/media\/7871"}],"wp:attachment":[{"href":"https:\/\/www.forceskimya.com\/en\/wp-json\/wp\/v2\/media?parent=7613"}],"wp:term":[{"taxonomy":"product_cat","embeddable":true,"href":"https:\/\/www.forceskimya.com\/en\/wp-json\/wp\/v2\/product_cat?post=7613"},{"taxonomy":"product_tag","embeddable":true,"href":"https:\/\/www.forceskimya.com\/en\/wp-json\/wp\/v2\/product_tag?post=7613"}],"curies":[{"name":"wp","href":"https:\/\/api.w.org\/{rel}","templated":true}]}}