{"id":7612,"date":"2019-03-04T11:45:15","date_gmt":"2019-03-04T11:45:15","guid":{"rendered":"http:\/\/www.forceskimya.com\/?post_type=product&#038;p=7612"},"modified":"2019-04-08T13:58:30","modified_gmt":"2019-04-08T13:58:30","slug":"force-in-light-otomat-otomatlar-icin-kalici-parfumlu-zemin-temizlik-urunu","status":"publish","type":"product","link":"https:\/\/www.forceskimya.com\/en\/product\/force-in-light-otomat-otomatlar-icin-kalici-parfumlu-zemin-temizlik-urunu\/","title":{"rendered":"PERFUMED FLOOR CLEANER FOR VENDING MACHINES VENDING MACHINE PERMANENT LIGHT OF THE FORCE"},"content":{"rendered":"<p>OTOMATLAR \u0130\u00c7\u0130N KALICI PARF\u00dcML\u00dc ZEM\u0130N TEM\u0130ZL\u0130K \u00dcR\u00dcN\u00dc<\/p>","protected":false},"excerpt":{"rendered":"<p><strong>PRODUCT DESCRIPTION:<\/strong> Y\u0131kanabilir ve silinebilir t\u00fcm sert zeminlerin temizli\u011finde, otomat makineleri ile kullan\u0131ma uygun kir ya\u011f temizleyicidir.Y\u00fczeylerin g\u00fcnl\u00fck temizli\u011finde kullan\u0131lan, k\u00f6p\u00fc\u011f\u00fc kontroll\u00fc, asit ve alkali i\u00e7ermeyen, n\u00f6tr, sabun i\u00e7eren,kal\u0131c\u0131 parf\u00fcml\u00fc konsantre zemin temizleme maddesidir.<\/p>\n<p><strong>AREAS OF USAGE:<\/strong> Used for cleaning large surfaces with\nautomats. It leaves a nice smell after cleaning.<\/p>\n<p><strong>DIRECTIONS FOR USE:<\/strong> Depending on the dust on the area to be applied, it can be added at a ratio of 1\/100 to 1\/200.<\/p>","protected":false},"featured_media":7870,"template":"","meta":[],"product_cat":[40],"product_tag":[],"_links":{"self":[{"href":"https:\/\/www.forceskimya.com\/en\/wp-json\/wp\/v2\/product\/7612"}],"collection":[{"href":"https:\/\/www.forceskimya.com\/en\/wp-json\/wp\/v2\/product"}],"about":[{"href":"https:\/\/www.forceskimya.com\/en\/wp-json\/wp\/v2\/types\/product"}],"wp:featuredmedia":[{"embeddable":true,"href":"https:\/\/www.forceskimya.com\/en\/wp-json\/wp\/v2\/media\/7870"}],"wp:attachment":[{"href":"https:\/\/www.forceskimya.com\/en\/wp-json\/wp\/v2\/media?parent=7612"}],"wp:term":[{"taxonomy":"product_cat","embeddable":true,"href":"https:\/\/www.forceskimya.com\/en\/wp-json\/wp\/v2\/product_cat?post=7612"},{"taxonomy":"product_tag","embeddable":true,"href":"https:\/\/www.forceskimya.com\/en\/wp-json\/wp\/v2\/product_tag?post=7612"}],"curies":[{"name":"wp","href":"https:\/\/api.w.org\/{rel}","templated":true}]}}