{"id":7611,"date":"2019-03-04T11:42:36","date_gmt":"2019-03-04T11:42:36","guid":{"rendered":"http:\/\/www.forceskimya.com\/?post_type=product&#038;p=7611"},"modified":"2019-04-08T13:58:31","modified_gmt":"2019-04-08T13:58:31","slug":"force-light-super-konsantre-genel-temizlik-urunu","status":"publish","type":"product","link":"https:\/\/www.forceskimya.com\/en\/product\/force-light-super-konsantre-genel-temizlik-urunu\/","title":{"rendered":"FORCE LIGHT, SUPER CONCENTRATED GENERAL CLEANING PRODUCT"},"content":{"rendered":"<p>S\u00dcPER KONSANTRE GENEL TEM\u0130ZL\u0130K \u00dcR\u00dcN\u00dc<\/p>","protected":false},"excerpt":{"rendered":"<p><strong>PRODUCT DESCRIPTION:<\/strong> It is a unique product because of wide\nrange of uses and it cleans all washable surfaces very\neffective and quick.It can be replaced for many cleaning\nproducts.It is very economical because of it's concentrated.\nIt is used on a lot of different surfaces like laminate\nfloor,table,computer,closet,satin wall, chair, glass, fridge,\ndoor etc. It is biodegradable.<\/p>\n<p><strong>AREAS OF USAGE:<\/strong> It is used in regular cleaning for all hard\nsurfaces like marley,rubber,plastic floor,leather fabrics,any\ngoods and stuff that does not harm from water,painted or\nunpainted metals and wooden furnitures.<\/p>\n<p><strong>DIRECTIONS FOR USE:<\/strong> Cam temizli\u011finde 1\/150 oran\u0131nda, Hafif kirlerde 1\/40 oran\u0131nda, A\u011f\u0131r kirlerde 1\/20 oran\u0131nda, su ile seyreltilerek, silme, p\u00fcsk\u00fcrtme, paspaslama y\u00f6ntemi ve bas\u0131n\u00e7l\u0131 y\u0131kama makinelerinde m\u00fckemmel sonu\u00e7 verir.<\/p>","protected":false},"featured_media":7872,"template":"","meta":[],"product_cat":[40],"product_tag":[],"_links":{"self":[{"href":"https:\/\/www.forceskimya.com\/en\/wp-json\/wp\/v2\/product\/7611"}],"collection":[{"href":"https:\/\/www.forceskimya.com\/en\/wp-json\/wp\/v2\/product"}],"about":[{"href":"https:\/\/www.forceskimya.com\/en\/wp-json\/wp\/v2\/types\/product"}],"wp:featuredmedia":[{"embeddable":true,"href":"https:\/\/www.forceskimya.com\/en\/wp-json\/wp\/v2\/media\/7872"}],"wp:attachment":[{"href":"https:\/\/www.forceskimya.com\/en\/wp-json\/wp\/v2\/media?parent=7611"}],"wp:term":[{"taxonomy":"product_cat","embeddable":true,"href":"https:\/\/www.forceskimya.com\/en\/wp-json\/wp\/v2\/product_cat?post=7611"},{"taxonomy":"product_tag","embeddable":true,"href":"https:\/\/www.forceskimya.com\/en\/wp-json\/wp\/v2\/product_tag?post=7611"}],"curies":[{"name":"wp","href":"https:\/\/api.w.org\/{rel}","templated":true}]}}