{"id":7610,"date":"2019-03-04T11:40:17","date_gmt":"2019-03-04T11:40:17","guid":{"rendered":"http:\/\/www.forceskimya.com\/?post_type=product&#038;p=7610"},"modified":"2019-04-08T13:57:28","modified_gmt":"2019-04-08T13:57:28","slug":"force-klima-cleaner-serpatin-temizleyicisi-eco","status":"publish","type":"product","link":"https:\/\/www.forceskimya.com\/en\/product\/force-klima-cleaner-serpatin-temizleyicisi-eco\/","title":{"rendered":"FORCE AIR CONDITIONER CLEANER, SERPATIN CLEANER (ECO)"},"content":{"rendered":"<p>SERPATIN CLEANER (ECO)<\/p>","protected":false},"excerpt":{"rendered":"<p><strong>PRODUCT DESCRIPTION:<\/strong> It is a concentrated product that\ncleans oxidized, oiled, and contaminated aluminum\ncomponents and equipments and makes them shiny\nagain.<\/p>\n<p><strong>AREAS OF USAGE:<\/strong> It is used in engine blocks, air\nconditioners, unpainted aluminum components,\ntrailers, ventilation pipes. It is widely used in air\nconditioner cleaning by air conditioner authorized\nservices in factories, in plazas, sites, business\ncenters that provide central heating cooling. If the air\nconditioner cores are not cleaned, cooling and\nheating will not be at the desired level, and bringing it\nto the desired temperature consumes more energy.\nThis increases energy consumption. For this reason,\nauthorized services or technical personnel in charge\nof the enterprises periodically clean the cores. It\nsuccessfully cleans the oil of the paddle boxes of the\nfood production facilities and restaurants and oil\nresidues outside the aluminum silo and production\nboilers of the factories that produce vegetable oil.<\/p>\n<p><strong>DIRECTIONS FOR USE:<\/strong> Kliman\u0131n \u00f6n panjuru a\u00e7\u0131l\u0131r ve 2 adet emi\u015f filtresi yerinden \u00e7\u0131kar\u0131ld\u0131ktan sonra \u00fcr\u00fcn 1\/5-1\/10 seyreltilir. Serpantine p\u00fcsk\u00fcrt\u00fcl\u00fcr. \u00dcr\u00fcn\u00fcn drenaj kanal\u0131na akmas\u0131 i\u00e7in 1-2 dakika beklenir. Serpantinlere temiz su p\u00fcsk\u00fcrt\u00fclerek durulan\u0131r. S\u00f6k\u00fclen filtreler de ayr\u0131ca \u00fcr\u00fcnle y\u0131kan\u0131r.<\/p>","protected":false},"featured_media":7874,"template":"","meta":[],"product_cat":[40],"product_tag":[],"_links":{"self":[{"href":"https:\/\/www.forceskimya.com\/en\/wp-json\/wp\/v2\/product\/7610"}],"collection":[{"href":"https:\/\/www.forceskimya.com\/en\/wp-json\/wp\/v2\/product"}],"about":[{"href":"https:\/\/www.forceskimya.com\/en\/wp-json\/wp\/v2\/types\/product"}],"wp:featuredmedia":[{"embeddable":true,"href":"https:\/\/www.forceskimya.com\/en\/wp-json\/wp\/v2\/media\/7874"}],"wp:attachment":[{"href":"https:\/\/www.forceskimya.com\/en\/wp-json\/wp\/v2\/media?parent=7610"}],"wp:term":[{"taxonomy":"product_cat","embeddable":true,"href":"https:\/\/www.forceskimya.com\/en\/wp-json\/wp\/v2\/product_cat?post=7610"},{"taxonomy":"product_tag","embeddable":true,"href":"https:\/\/www.forceskimya.com\/en\/wp-json\/wp\/v2\/product_tag?post=7610"}],"curies":[{"name":"wp","href":"https:\/\/api.w.org\/{rel}","templated":true}]}}