{"id":7609,"date":"2019-03-04T11:38:18","date_gmt":"2019-03-04T11:38:18","guid":{"rendered":"http:\/\/www.forceskimya.com\/?post_type=product&#038;p=7609"},"modified":"2019-04-08T13:59:10","modified_gmt":"2019-04-08T13:59:10","slug":"force-in-shine-new-konsantre-tuvalet-banyo-ve-fayans-temizleyicisi","status":"publish","type":"product","link":"https:\/\/www.forceskimya.com\/en\/product\/force-in-shine-new-konsantre-tuvalet-banyo-ve-fayans-temizleyicisi\/","title":{"rendered":"FORCE IN SHINE - CONCENTRATED WC, BATHROOM AND TILE CLEANSER"},"content":{"rendered":"<p>KONSANTRE TUVALET, BANYO VE FAYANS TEM\u0130ZLEY\u0130C\u0130S\u0130<\/p>","protected":false},"excerpt":{"rendered":"<p><strong>PRODUCT DESCRIPTION:<\/strong> It is a versatile\nconcentrate cleaner for tiles,\nbathrooms, and toilets. It disinfects\n the used surface by reducing toilet\nodors, removes stubborn stains,\nmossy layers on canvases, soot,\nsoap marks, lime, and water stains,\nand brightens the surface. Especially in\nchrome-nickel alloys, it takes oxidation in metals such as\nbrass and copper and provides shine.<\/p>\n<p><strong>AREAS OF USAGE:<\/strong> It easily cleans rust and lime stains on\nsurfaces such as toilets, sinks, and tiles. It cleans the dirt\nthat occurs between tiles and joints without damaging the\njoint. It provides very effective cleaning and brightness in\nshowerheads, armatures, shower cabins, and bathtubs.\nProvides long-term freshness in the cleaned environment\nwith its permanent and pleasant odor. It is environmentally\nfriendly. Does not harm the hand during use.<\/p>\n<p><strong>DIRECTIONS FOR USE:<\/strong> It is diluted with water at a ratio of 1\/5 to 1\/5. Rinse is required.<\/p>","protected":false},"featured_media":7870,"template":"","meta":[],"product_cat":[40],"product_tag":[],"_links":{"self":[{"href":"https:\/\/www.forceskimya.com\/en\/wp-json\/wp\/v2\/product\/7609"}],"collection":[{"href":"https:\/\/www.forceskimya.com\/en\/wp-json\/wp\/v2\/product"}],"about":[{"href":"https:\/\/www.forceskimya.com\/en\/wp-json\/wp\/v2\/types\/product"}],"wp:featuredmedia":[{"embeddable":true,"href":"https:\/\/www.forceskimya.com\/en\/wp-json\/wp\/v2\/media\/7870"}],"wp:attachment":[{"href":"https:\/\/www.forceskimya.com\/en\/wp-json\/wp\/v2\/media?parent=7609"}],"wp:term":[{"taxonomy":"product_cat","embeddable":true,"href":"https:\/\/www.forceskimya.com\/en\/wp-json\/wp\/v2\/product_cat?post=7609"},{"taxonomy":"product_tag","embeddable":true,"href":"https:\/\/www.forceskimya.com\/en\/wp-json\/wp\/v2\/product_tag?post=7609"}],"curies":[{"name":"wp","href":"https:\/\/api.w.org\/{rel}","templated":true}]}}