{"id":7605,"date":"2019-03-04T11:32:59","date_gmt":"2019-03-04T11:32:59","guid":{"rendered":"http:\/\/www.forceskimya.com\/?post_type=product&#038;p=7605"},"modified":"2019-04-08T14:02:55","modified_gmt":"2019-04-08T14:02:55","slug":"force-in-pol-poliuretan-cozucu","status":"publish","type":"product","link":"https:\/\/www.forceskimya.com\/en\/product\/force-in-pol-poliuretan-cozucu\/","title":{"rendered":"IN FORCE SOLVENT POLYURETHANE POL"},"content":{"rendered":"<p>POL\u0130\u00dcRETAN \u00c7\u00d6Z\u00dcC\u00dc<\/p>","protected":false},"excerpt":{"rendered":"<p><strong>PRODUCT DESCRIPTION:<\/strong> Reaksiyona girmemi\u015f polyol ve izosiyanat\u0131n temizli\u011finde etkilidir. K\u00fcrle\u015fmesini tamamlam\u0131\u015f, zamanla kurumu\u015f, kemikle\u015fmi\u015f poli\u00fcretan tabakalar\u0131n\u0131n s\u00f6k\u00fclmesinde dahi h\u0131zl\u0131 ve etkili sonu\u00e7 verir. Ekonomik birim fiyatlar\u0131n\u0131n yan\u0131 s\u0131ra; d\u00fc\u015f\u00fck miktarda kullan\u0131mlarda dahi etkili sonu\u00e7 verir. Gereksiz \u00fcr\u00fcn sarfiyat\u0131 ve zaman kayb\u0131n\u0131 \u00f6nler.<\/p>\n<p><strong>AREAS OF USAGE:<\/strong> Beyaz e\u015fya, klima kondenser, so\u011futucu \u00fcretim tesisleri, ayakkab\u0131 taban \u00fcretim tesisleri ve \u00f6zellikle otomotiv sekt\u00f6r\u00fcnde; kal\u0131p ve makine ekipmanlar\u0131ndan, zemin ve \u00fcretim alanlar\u0131ndan poli\u00fcretan ve t\u00fcrevlerinin s\u00f6k\u00fclmesinde kullan\u0131l\u0131r.<\/p>\n<p><strong>DIRECTIONS FOR USE:<\/strong> Apply directly. It is applied to the area to be cleaned from polyurethane. Clean the area by wiping with a brush or a cloth. It can also be used by heating when required, but should be heated up to a maximum of 50 \u00b0C.<\/p>","protected":false},"featured_media":7871,"template":"","meta":[],"product_cat":[40],"product_tag":[],"_links":{"self":[{"href":"https:\/\/www.forceskimya.com\/en\/wp-json\/wp\/v2\/product\/7605"}],"collection":[{"href":"https:\/\/www.forceskimya.com\/en\/wp-json\/wp\/v2\/product"}],"about":[{"href":"https:\/\/www.forceskimya.com\/en\/wp-json\/wp\/v2\/types\/product"}],"wp:featuredmedia":[{"embeddable":true,"href":"https:\/\/www.forceskimya.com\/en\/wp-json\/wp\/v2\/media\/7871"}],"wp:attachment":[{"href":"https:\/\/www.forceskimya.com\/en\/wp-json\/wp\/v2\/media?parent=7605"}],"wp:term":[{"taxonomy":"product_cat","embeddable":true,"href":"https:\/\/www.forceskimya.com\/en\/wp-json\/wp\/v2\/product_cat?post=7605"},{"taxonomy":"product_tag","embeddable":true,"href":"https:\/\/www.forceskimya.com\/en\/wp-json\/wp\/v2\/product_tag?post=7605"}],"curies":[{"name":"wp","href":"https:\/\/api.w.org\/{rel}","templated":true}]}}