{"id":7604,"date":"2019-03-04T11:31:33","date_gmt":"2019-03-04T11:31:33","guid":{"rendered":"http:\/\/www.forceskimya.com\/?post_type=product&#038;p=7604"},"modified":"2019-04-08T14:03:05","modified_gmt":"2019-04-08T14:03:05","slug":"force-in-pink-alkol-bazli-genel-temizlik-urunu","status":"publish","type":"product","link":"https:\/\/www.forceskimya.com\/en\/product\/force-in-pink-alkol-bazli-genel-temizlik-urunu\/","title":{"rendered":"FORCE IN PINK, ALCOHOL BASED GENERAL\nCLEANING PRODUCT"},"content":{"rendered":"<p>ALKOL BAZLI GENEL TEM\u0130ZL\u0130K \u00dcR\u00dcN\u00dc<\/p>","protected":false},"excerpt":{"rendered":"<p><strong>PRODUCT DESCRIPTION:<\/strong> :It is a general purpose surface\ncleaner with alcohol based. FORCE IN PINK is a general\ncleaning product with lovely smell and does not leave\nany stain behind.<\/p>\n<p><strong>AREAS OF USAGE:<\/strong> :It is a product that can easily penetrate to\nclean dirt and stain on all hard surfaces.It cleans all dirt\nand stains that does not affect from water and\nwashable surfaces.It is used in regular cleaning for all\nhard surfaces like marley,rubber,plastic floor,leather\nfabrics,any goods and stuff that does not harm from\nwater,painted or unpainted metals and wooden\nfurnitures<\/p>\n<p><strong>DIRECTIONS FOR USE:<\/strong> It is diluted with water at a ratio of 1\/100 to 1\/200 depending on the dust on the area to be applied. Apply by spraying or a mop.<\/p>","protected":false},"featured_media":7870,"template":"","meta":[],"product_cat":[40],"product_tag":[],"_links":{"self":[{"href":"https:\/\/www.forceskimya.com\/en\/wp-json\/wp\/v2\/product\/7604"}],"collection":[{"href":"https:\/\/www.forceskimya.com\/en\/wp-json\/wp\/v2\/product"}],"about":[{"href":"https:\/\/www.forceskimya.com\/en\/wp-json\/wp\/v2\/types\/product"}],"wp:featuredmedia":[{"embeddable":true,"href":"https:\/\/www.forceskimya.com\/en\/wp-json\/wp\/v2\/media\/7870"}],"wp:attachment":[{"href":"https:\/\/www.forceskimya.com\/en\/wp-json\/wp\/v2\/media?parent=7604"}],"wp:term":[{"taxonomy":"product_cat","embeddable":true,"href":"https:\/\/www.forceskimya.com\/en\/wp-json\/wp\/v2\/product_cat?post=7604"},{"taxonomy":"product_tag","embeddable":true,"href":"https:\/\/www.forceskimya.com\/en\/wp-json\/wp\/v2\/product_tag?post=7604"}],"curies":[{"name":"wp","href":"https:\/\/api.w.org\/{rel}","templated":true}]}}