{"id":7598,"date":"2019-03-04T10:05:48","date_gmt":"2019-03-04T10:05:48","guid":{"rendered":"http:\/\/www.forceskimya.com\/?post_type=product&#038;p=7598"},"modified":"2019-04-08T14:05:09","modified_gmt":"2019-04-08T14:05:09","slug":"force-in-ice-kar-ve-buzlanma-onleyici","status":"publish","type":"product","link":"https:\/\/www.forceskimya.com\/en\/product\/force-in-ice-kar-ve-buzlanma-onleyici\/","title":{"rendered":"FORCE THE ICE IN SNOW AND DE-ICING"},"content":{"rendered":"<p>KAR VE BUZLANMA \u00d6NLEY\u0130C\u0130<\/p>","protected":false},"excerpt":{"rendered":"<p><strong>PRODUCT DESCRIPTION:<\/strong> A\u011f\u0131r k\u0131\u015f \u015fartlar\u0131nda fabrikalar\u0131n ara\u00e7 ge\u00e7i\u015f yollar\u0131nda ve ara\u00e7lar\u0131n \u00fczerinde olu\u015fan buzlanmay\u0131 \u00f6nleyici sol\u00fcsyondur. \u00dcr\u00fcn\u00fcm\u00fcz\u00fcn biyolojik \u00e7\u00f6z\u00fcnebilmektedir, \u00e7evreye zarars\u0131zd\u0131r.<\/p>\n<p><strong>AREAS OF USAGE:<\/strong> Buzlanma ve karlanma olan t\u00fcm alanlarda kullan\u0131l\u0131r.<\/p>\n<p><strong>DIRECTIONS FOR USE:<\/strong> Forcein Ice direkt kullan\u0131mda Donma Noktas\u0131 \u201344\u02daC\u2019dir. Ortam ko\u015fullar\u0131na g\u00f6re suyla seyreltilerek kullan\u0131labilir.<br \/>\nSeyreltmede Donma Noktas\u0131 : \u201322\u02daC<br \/>\nSeyreltmede Donma Noktas\u0131 : \u201311\u02daC\u2019ye y\u00fckselir.<\/p>\n<p>\u00dcr\u00fcn uygulamas\u0131n\u0131 bas\u0131n\u00e7l\u0131 p\u00fcsk\u00fcrt\u00fcc\u00fcyle yap\u0131n\u0131z. Kar ya\u011f\u0131\u015f\u0131 ya da buzlanmadan \u00f6nce y\u00fcr\u00fcy\u00fc\u015f veya s\u00fcr\u00fc\u015f yoluna direkt olarak ve p\u00fcsk\u00fcrterek uygulay\u0131n\u0131z. \u00dcr\u00fcn\u00fcn y\u00fczeyde birikmemesine dikkat ediniz. Buzlanmaya kar\u015f\u0131 \u00f6nleyici olarak: Kar ya\u011f\u0131\u015f\u0131ndan \u00f6nce p\u00fcsk\u00fcrt\u00fcc\u00fcyle y\u00fczeylere p\u00fcsk\u00fcrt\u00fcn\u00fcz. Y\u00fczeyler nemlenmeli ama KES\u0130NL\u0130KLE \u0131slat\u0131lmamal\u0131d\u0131r.<br \/>\nY\u00fczeyde kald\u0131\u011f\u0131 s\u00fcrece etkilidir. S\u0131k kullan\u0131lan bir alanda y\u00fczeyden kolay uzakla\u015faca\u011f\u0131 i\u00e7in belli zaman dilimlerinde uygulama tekrar ger\u00e7ekle\u015ftirilmelidir.<br \/>\nBuzu eritmek i\u00e7in: Birikmi\u015f kar ve buza yap\u0131lacak uygulama i\u00e7in \u00f6nce kar\u0131n kabas\u0131n\u0131 al\u0131n\u0131z. \u00dcr\u00fcn\u00fc y\u00fczeye p\u00fcsk\u00fcrt\u00fcn\u00fcz. Tekrar buzlanmay\u0131 \u00f6nlemek i\u00e7in \u00fcr\u00fcn\u00fc hava durumuna g\u00f6re belli aral\u0131klarla ince bir tabaka olu\u015facak \u015fekilde tekrar uygulay\u0131n\u0131z.<\/p>","protected":false},"featured_media":7871,"template":"","meta":[],"product_cat":[40],"product_tag":[],"_links":{"self":[{"href":"https:\/\/www.forceskimya.com\/en\/wp-json\/wp\/v2\/product\/7598"}],"collection":[{"href":"https:\/\/www.forceskimya.com\/en\/wp-json\/wp\/v2\/product"}],"about":[{"href":"https:\/\/www.forceskimya.com\/en\/wp-json\/wp\/v2\/types\/product"}],"wp:featuredmedia":[{"embeddable":true,"href":"https:\/\/www.forceskimya.com\/en\/wp-json\/wp\/v2\/media\/7871"}],"wp:attachment":[{"href":"https:\/\/www.forceskimya.com\/en\/wp-json\/wp\/v2\/media?parent=7598"}],"wp:term":[{"taxonomy":"product_cat","embeddable":true,"href":"https:\/\/www.forceskimya.com\/en\/wp-json\/wp\/v2\/product_cat?post=7598"},{"taxonomy":"product_tag","embeddable":true,"href":"https:\/\/www.forceskimya.com\/en\/wp-json\/wp\/v2\/product_tag?post=7598"}],"curies":[{"name":"wp","href":"https:\/\/api.w.org\/{rel}","templated":true}]}}