{"id":7597,"date":"2019-03-04T10:04:02","date_gmt":"2019-03-04T10:04:02","guid":{"rendered":"http:\/\/www.forceskimya.com\/?post_type=product&#038;p=7597"},"modified":"2019-04-08T14:05:10","modified_gmt":"2019-04-08T14:05:10","slug":"force-in-drain-tikanmis-gider-ve-boru-acici","status":"publish","type":"product","link":"https:\/\/www.forceskimya.com\/en\/product\/force-in-drain-tikanmis-gider-ve-boru-acici\/","title":{"rendered":"FORCE IN DRAIN, CLOOGED DRAINAGE AND PIPE DISSOLVER"},"content":{"rendered":"<p>TIKANMI\u015e G\u0130DER VE BORU A\u00c7ICI<\/p>","protected":false},"excerpt":{"rendered":"<p><strong>PRODUCT DESCRIPTION:<\/strong> It is a product that quickly\ndissolves and dissolves sheet metals, food waste, oil,\ndried soap residue, and other organic materials<\/p>\n<p><strong>AREAS OF USAGE:<\/strong> T\u00fcm t\u0131kanm\u0131\u015f gider ve borularda kullan\u0131l\u0131r.<\/p>\n<p><strong>DIRECTIONS FOR USE:<\/strong> T\u0131kanm\u0131\u015f olan gidere bir miktar s\u0131cak su d\u00f6k\u00fcl\u00fcr arkas\u0131ndan FORCE \u0130N DRA\u0130N d\u00f6k\u00fclerek en son tekrar s\u0131cak su d\u00f6k\u00fclerek t\u0131kanm\u0131\u015f giderlerinizin a\u00e7\u0131ld\u0131\u011f\u0131n\u0131 g\u00f6receksiniz. Buhar ve duman \u00e7\u0131kartmaz.<\/p>","protected":false},"featured_media":7873,"template":"","meta":[],"product_cat":[40],"product_tag":[],"_links":{"self":[{"href":"https:\/\/www.forceskimya.com\/en\/wp-json\/wp\/v2\/product\/7597"}],"collection":[{"href":"https:\/\/www.forceskimya.com\/en\/wp-json\/wp\/v2\/product"}],"about":[{"href":"https:\/\/www.forceskimya.com\/en\/wp-json\/wp\/v2\/types\/product"}],"wp:featuredmedia":[{"embeddable":true,"href":"https:\/\/www.forceskimya.com\/en\/wp-json\/wp\/v2\/media\/7873"}],"wp:attachment":[{"href":"https:\/\/www.forceskimya.com\/en\/wp-json\/wp\/v2\/media?parent=7597"}],"wp:term":[{"taxonomy":"product_cat","embeddable":true,"href":"https:\/\/www.forceskimya.com\/en\/wp-json\/wp\/v2\/product_cat?post=7597"},{"taxonomy":"product_tag","embeddable":true,"href":"https:\/\/www.forceskimya.com\/en\/wp-json\/wp\/v2\/product_tag?post=7597"}],"curies":[{"name":"wp","href":"https:\/\/api.w.org\/{rel}","templated":true}]}}