{"id":7595,"date":"2019-03-04T09:59:33","date_gmt":"2019-03-04T09:59:33","guid":{"rendered":"http:\/\/www.forceskimya.com\/?post_type=product&#038;p=7595"},"modified":"2019-04-08T14:06:10","modified_gmt":"2019-04-08T14:06:10","slug":"force-in-bright-alumiyum-serpantin-temizleyici-ve-parlatici","status":"publish","type":"product","link":"https:\/\/www.forceskimya.com\/en\/product\/force-in-bright-alumiyum-serpantin-temizleyici-ve-parlatici\/","title":{"rendered":"FORCE IN BRIGHT, ALUMINUM SERPENTINE CLEANSER and POLISH"},"content":{"rendered":"<p>Aliminyum serpantin temizleyicisi ve parlat\u0131c\u0131s\u0131<\/p>","protected":false},"excerpt":{"rendered":"<p><strong>PRODUCT DESCRIPTION:<\/strong> It cleans and shines oxidized and contaminated\naluminum cores, filters, heating, and cooling surfaces\nfrom soot and dust in a very short time. It saves energy.\nIt is safe because it does not contain acid. It is rinsed\nafter application.<\/p>\n<p><strong>AREAS OF USAGE:<\/strong> It is a product suitable for use for heat\ntransfer devices, ventilation filters.<\/p>\n<p><strong>DIRECTIONS FOR USE:<\/strong> Kliman\u0131n \u00f6n panjuru a\u00e7\u0131l\u0131r ve 2 adet emi\u015f filtresi yerinden \u00e7\u0131kar\u0131ld\u0131ktan sonra \u00fcr\u00fcn 1\/5-1\/10 seyreltilir. Serpantine p\u00fcsk\u00fcrt\u00fcl\u00fcr. \u00dcr\u00fcn\u00fcn drenaj kanal\u0131na akmas\u0131 i\u00e7in 1-2 dakika beklenir. Serpantinlere temiz su p\u00fcsk\u00fcrt\u00fclerek durulan\u0131r. S\u00f6k\u00fclen filtreler de ayr\u0131ca \u00fcr\u00fcnle y\u0131kan\u0131r.<\/p>","protected":false},"featured_media":7872,"template":"","meta":[],"product_cat":[40],"product_tag":[],"_links":{"self":[{"href":"https:\/\/www.forceskimya.com\/en\/wp-json\/wp\/v2\/product\/7595"}],"collection":[{"href":"https:\/\/www.forceskimya.com\/en\/wp-json\/wp\/v2\/product"}],"about":[{"href":"https:\/\/www.forceskimya.com\/en\/wp-json\/wp\/v2\/types\/product"}],"wp:featuredmedia":[{"embeddable":true,"href":"https:\/\/www.forceskimya.com\/en\/wp-json\/wp\/v2\/media\/7872"}],"wp:attachment":[{"href":"https:\/\/www.forceskimya.com\/en\/wp-json\/wp\/v2\/media?parent=7595"}],"wp:term":[{"taxonomy":"product_cat","embeddable":true,"href":"https:\/\/www.forceskimya.com\/en\/wp-json\/wp\/v2\/product_cat?post=7595"},{"taxonomy":"product_tag","embeddable":true,"href":"https:\/\/www.forceskimya.com\/en\/wp-json\/wp\/v2\/product_tag?post=7595"}],"curies":[{"name":"wp","href":"https:\/\/api.w.org\/{rel}","templated":true}]}}