{"id":7594,"date":"2019-03-04T09:56:40","date_gmt":"2019-03-04T09:56:40","guid":{"rendered":"http:\/\/www.forceskimya.com\/?post_type=product&#038;p=7594"},"modified":"2019-04-08T14:09:46","modified_gmt":"2019-04-08T14:09:46","slug":"force-in-airdrain-biyolojik-logar-koku-giderici","status":"publish","type":"product","link":"https:\/\/www.forceskimya.com\/en\/product\/force-in-airdrain-biyolojik-logar-koku-giderici\/","title":{"rendered":"FORCE IN AIRDRAIN, BIOLOGIC MANHOLE ODOR REMOVER"},"content":{"rendered":"<p>B\u0130YOLOJ\u0130K LOGAR KOKU G\u0130DER\u0130C\u0130<\/p>","protected":false},"excerpt":{"rendered":"<p><strong>PRODUCT DESCRIPTION:<\/strong> It is used in places that cause bad odor\ndue to reverse winds such as manholes, washbasin, WC,\nkitchen expenses. It stops microbial growth with its powerful\ndisinfectant effect, its bad odors are masked thanks to the\nstrong neutralized essence and a pleasant orange flower scent\nspreads to the environment.<\/p>\n<p><strong>DIRECTIONS FOR USE:<\/strong> Apply directly by spraying or pouring.<\/p>","protected":false},"featured_media":7870,"template":"","meta":[],"product_cat":[40],"product_tag":[],"_links":{"self":[{"href":"https:\/\/www.forceskimya.com\/en\/wp-json\/wp\/v2\/product\/7594"}],"collection":[{"href":"https:\/\/www.forceskimya.com\/en\/wp-json\/wp\/v2\/product"}],"about":[{"href":"https:\/\/www.forceskimya.com\/en\/wp-json\/wp\/v2\/types\/product"}],"wp:featuredmedia":[{"embeddable":true,"href":"https:\/\/www.forceskimya.com\/en\/wp-json\/wp\/v2\/media\/7870"}],"wp:attachment":[{"href":"https:\/\/www.forceskimya.com\/en\/wp-json\/wp\/v2\/media?parent=7594"}],"wp:term":[{"taxonomy":"product_cat","embeddable":true,"href":"https:\/\/www.forceskimya.com\/en\/wp-json\/wp\/v2\/product_cat?post=7594"},{"taxonomy":"product_tag","embeddable":true,"href":"https:\/\/www.forceskimya.com\/en\/wp-json\/wp\/v2\/product_tag?post=7594"}],"curies":[{"name":"wp","href":"https:\/\/api.w.org\/{rel}","templated":true}]}}