{"id":7593,"date":"2019-03-04T09:43:07","date_gmt":"2019-03-04T09:43:07","guid":{"rendered":"http:\/\/www.forceskimya.com\/?post_type=product&#038;p=7593"},"modified":"2019-04-08T14:08:27","modified_gmt":"2019-04-08T14:08:27","slug":"force-in-air-su-ile-seyreltilebilen-koku-giderici","status":"publish","type":"product","link":"https:\/\/www.forceskimya.com\/en\/product\/force-in-air-su-ile-seyreltilebilen-koku-giderici\/","title":{"rendered":"IN FORCE TO AIR, WATER DILUTABLE DEODORANT"},"content":{"rendered":"<p>S\u00dcPER KONSANTRE KOKU G\u0130DER\u0130C\u0130<\/p>\n<p>&nbsp;<\/p>","protected":false},"excerpt":{"rendered":"<p><strong>PRODUCT DESCRIPTION:<\/strong> Mevcut ve olas\u0131 k\u00f6t\u00fc kokular\u0131 h\u0131zla ortadan kald\u0131r\u0131r. Koku kayna\u011f\u0131n\u0131 mikrobiyolojik d\u00fczeyde d\u00fc\u015f\u00fcr\u00fcr. Konsantre olmas\u0131 nedeniyle ekonomiktir. Klor, formaldehit, amonyak gibi bile\u015fenlerden daha verimli ve g\u00fcvenlidir. Mutfaklarda yemek pi\u015firme kokular\u0131n\u0131, sigara duman\u0131n\u0131, ayakkab\u0131 ve terliklerdeki k\u00f6t\u00fc kokular\u0131, hayvanlar\u0131n ya\u015fam alanlar\u0131n\u0131, evcil hayvan hayvanlar\u0131n\u0131n kokular\u0131n\u0131, at\u0131k toplama alanlar\u0131ndaki k\u00f6t\u00fc kokular\u0131, \u00f6zel veya resmi banyolar\u0131, et \u00fcretim veya depolama tesislerini gidermek i\u00e7in kullan\u0131l\u0131r. s\u00fct ve di\u011fer g\u0131da maddeleri ve topraktan ya da g\u00fcbreden kaynaklanan k\u00f6t\u00fc kokular.<\/p>\n<p><strong>AREAS OF USAGE:<\/strong> Oteller, okullar, resmi kurumlar, end\u00fcstriyel ve ticari yerlerdeki k\u00f6t\u00fc koku problemini \u00e7\u00f6zmek i\u00e7in.<\/p>\n<p><strong>DIRECTIONS FOR USE:<\/strong> It is diluted with water at a ratio of 1:50 to 1:150. Apply by spraying.<\/p>","protected":false},"featured_media":7872,"template":"","meta":[],"product_cat":[40],"product_tag":[],"_links":{"self":[{"href":"https:\/\/www.forceskimya.com\/en\/wp-json\/wp\/v2\/product\/7593"}],"collection":[{"href":"https:\/\/www.forceskimya.com\/en\/wp-json\/wp\/v2\/product"}],"about":[{"href":"https:\/\/www.forceskimya.com\/en\/wp-json\/wp\/v2\/types\/product"}],"wp:featuredmedia":[{"embeddable":true,"href":"https:\/\/www.forceskimya.com\/en\/wp-json\/wp\/v2\/media\/7872"}],"wp:attachment":[{"href":"https:\/\/www.forceskimya.com\/en\/wp-json\/wp\/v2\/media?parent=7593"}],"wp:term":[{"taxonomy":"product_cat","embeddable":true,"href":"https:\/\/www.forceskimya.com\/en\/wp-json\/wp\/v2\/product_cat?post=7593"},{"taxonomy":"product_tag","embeddable":true,"href":"https:\/\/www.forceskimya.com\/en\/wp-json\/wp\/v2\/product_tag?post=7593"}],"curies":[{"name":"wp","href":"https:\/\/api.w.org\/{rel}","templated":true}]}}