{"id":7587,"date":"2019-03-04T09:33:57","date_gmt":"2019-03-04T09:33:57","guid":{"rendered":"http:\/\/www.forceskimya.com\/?post_type=product&#038;p=7587"},"modified":"2019-04-08T14:14:17","modified_gmt":"2019-04-08T14:14:17","slug":"force-fuga-dikey-duvar-ve-cepheler-icin-su-sizdirmazlik-urunu","status":"publish","type":"product","link":"https:\/\/www.forceskimya.com\/en\/product\/force-fuga-dikey-duvar-ve-cepheler-icin-su-sizdirmazlik-urunu\/","title":{"rendered":"FUGA VERTICAL FORCE WATERPROOF PRODUCTS FOR WALLS AND FACADES"},"content":{"rendered":"<p>D\u0130KEY DUVAR VE CEPHELER \u0130\u00c7\u0130N SU SIZDIRMAZLIK \u00dcR\u00dcN\u00dc<\/p>\n<p>&nbsp;<\/p>","protected":false},"excerpt":{"rendered":"<p><strong>PRODUCT DESCRIPTION:<\/strong> Suyun mikro \u00e7atlaklardan i\u00e7eri s\u0131zmas\u0131n\u0131 engeller. Renksiz, yap\u0131\u015fkan olmayan, uzun s\u00fcre dayan\u0131kl\u0131 ve duvar\u0131n nefes almas\u0131na olanak tan\u0131yan \u00f6zelliklere sahiptir. Uygulanacak zeminin rengini do\u011fal g\u00f6r\u00fcnt\u00fcs\u00fc ile korur.<\/p>\n<p><strong>AREAS OF USAGE:<\/strong> T\u00fcm in\u015faat sekt\u00f6r\u00fcnde kullan\u0131l\u0131r.<\/p>\n<p><strong>DIRECTIONS FOR USE:<\/strong> It is applied directly to the surface before and after paint. 1L of product covers approximately 5m2  space. Application area should be clean, dry and smooth. Cracks larger than 0.3 mm2 should be repaired.<sup>2<\/sup>\u00a0alan kaplar. Uygulanacak zemin temiz, kuru ve d\u00fczg\u00fcn olmal\u0131d\u0131r. 0,3 mm<sup>2 <\/sup>den b\u00fcy\u00fck \u00e7atlaklar onar\u0131lmal\u0131d\u0131r.<\/p>","protected":false},"featured_media":7871,"template":"","meta":[],"product_cat":[40],"product_tag":[],"_links":{"self":[{"href":"https:\/\/www.forceskimya.com\/en\/wp-json\/wp\/v2\/product\/7587"}],"collection":[{"href":"https:\/\/www.forceskimya.com\/en\/wp-json\/wp\/v2\/product"}],"about":[{"href":"https:\/\/www.forceskimya.com\/en\/wp-json\/wp\/v2\/types\/product"}],"wp:featuredmedia":[{"embeddable":true,"href":"https:\/\/www.forceskimya.com\/en\/wp-json\/wp\/v2\/media\/7871"}],"wp:attachment":[{"href":"https:\/\/www.forceskimya.com\/en\/wp-json\/wp\/v2\/media?parent=7587"}],"wp:term":[{"taxonomy":"product_cat","embeddable":true,"href":"https:\/\/www.forceskimya.com\/en\/wp-json\/wp\/v2\/product_cat?post=7587"},{"taxonomy":"product_tag","embeddable":true,"href":"https:\/\/www.forceskimya.com\/en\/wp-json\/wp\/v2\/product_tag?post=7587"}],"curies":[{"name":"wp","href":"https:\/\/api.w.org\/{rel}","templated":true}]}}