{"id":7585,"date":"2019-03-04T09:30:49","date_gmt":"2019-03-04T09:30:49","guid":{"rendered":"http:\/\/www.forceskimya.com\/?post_type=product&#038;p=7585"},"modified":"2019-04-08T14:14:38","modified_gmt":"2019-04-08T14:14:38","slug":"force-flour-beton-zemin-kaplama-maddesi","status":"publish","type":"product","link":"https:\/\/www.forceskimya.com\/en\/product\/force-flour-beton-zemin-kaplama-maddesi\/","title":{"rendered":"FORCE THE FLOUR CONCRETE FLOOR COATING MATERIAL"},"content":{"rendered":"<p>BETON ZEM\u0130N KAPLAMA MADDES\u0130<\/p>","protected":false},"excerpt":{"rendered":"<p><strong>PRODUCT DESCRIPTION:<\/strong> Beton zeminleri kaplayan, sertle\u015ftiren ve tozutmaya engel olan zemin kaplama \u00fcr\u00fcn\u00fcd\u00fcr. \u015eeffaft\u0131r, uyguland\u0131\u011f\u0131 y\u00fczeyi ya\u011fa, asitlere kar\u015f\u0131 korur, suyun n\u00fcfuz etmesini engeller. Betonu sertle\u015ftirerek \u00e7izik ve \u00e7atlamalar\u0131n olu\u015fmas\u0131n\u0131 \u00f6nler, betonun \u00f6mr\u00fcn\u00fc uzat\u0131r.<\/p>\n<p><strong>AREAS OF USAGE:<\/strong> T\u00fcm in\u015faat sekt\u00f6r\u00fcnde kullan\u0131l\u0131r. Ayr\u0131ca dekoratif ama\u00e7l\u0131 kullan\u0131labilir patlatma ta\u015flar vb.<\/p>\n<p><strong>DIRECTIONS FOR USE:<\/strong> Apply directly with roller brush.<\/p>","protected":false},"featured_media":7874,"template":"","meta":[],"product_cat":[40],"product_tag":[],"_links":{"self":[{"href":"https:\/\/www.forceskimya.com\/en\/wp-json\/wp\/v2\/product\/7585"}],"collection":[{"href":"https:\/\/www.forceskimya.com\/en\/wp-json\/wp\/v2\/product"}],"about":[{"href":"https:\/\/www.forceskimya.com\/en\/wp-json\/wp\/v2\/types\/product"}],"wp:featuredmedia":[{"embeddable":true,"href":"https:\/\/www.forceskimya.com\/en\/wp-json\/wp\/v2\/media\/7874"}],"wp:attachment":[{"href":"https:\/\/www.forceskimya.com\/en\/wp-json\/wp\/v2\/media?parent=7585"}],"wp:term":[{"taxonomy":"product_cat","embeddable":true,"href":"https:\/\/www.forceskimya.com\/en\/wp-json\/wp\/v2\/product_cat?post=7585"},{"taxonomy":"product_tag","embeddable":true,"href":"https:\/\/www.forceskimya.com\/en\/wp-json\/wp\/v2\/product_tag?post=7585"}],"curies":[{"name":"wp","href":"https:\/\/api.w.org\/{rel}","templated":true}]}}