{"id":7584,"date":"2019-03-04T09:29:32","date_gmt":"2019-03-04T09:29:32","guid":{"rendered":"http:\/\/www.forceskimya.com\/?post_type=product&#038;p=7584"},"modified":"2019-04-08T14:13:24","modified_gmt":"2019-04-08T14:13:24","slug":"force-flott-new-kirec-ve-tortu-cozucu","status":"publish","type":"product","link":"https:\/\/www.forceskimya.com\/en\/product\/force-flott-new-kirec-ve-tortu-cozucu\/","title":{"rendered":"FORCE FLOTT NEW, LIMESCALE AND SEDIMENT DISSOLVENT"},"content":{"rendered":"<p>Konsantre kire\u00e7 ve tortu \u00e7\u00f6z\u00fcc\u00fc<\/p>","protected":false},"excerpt":{"rendered":"<p><strong>PRODUCT DESCRIPTION:<\/strong> It is an acidic product that dissolves lime\nresidue and rust without abrasion, thanks to its extra powerful\nformula. It can be used on surfaces such as chrome and\naluminum. It \u00fds suitable for closed-circuit\nsystem<\/p>\n<p><strong>AREAS OF USAGE:<\/strong> It is used in cooling and\nheating systems and steam boilers to\ndissolve lime, moss, rust, stains, and\nsediments that occur on surfaces where\nwater passes through, by ionizing. It is\nused in chrome hotel equipments and ice\nmachine cleaning.<\/p>\n<p><strong>DIRECTIONS FOR USE:<\/strong> Diluted with water at a ratio of 1\/5 to 1\/10 depending on the lime and rust. Rinsing is required.<\/p>","protected":false},"featured_media":7875,"template":"","meta":[],"product_cat":[40],"product_tag":[],"_links":{"self":[{"href":"https:\/\/www.forceskimya.com\/en\/wp-json\/wp\/v2\/product\/7584"}],"collection":[{"href":"https:\/\/www.forceskimya.com\/en\/wp-json\/wp\/v2\/product"}],"about":[{"href":"https:\/\/www.forceskimya.com\/en\/wp-json\/wp\/v2\/types\/product"}],"wp:featuredmedia":[{"embeddable":true,"href":"https:\/\/www.forceskimya.com\/en\/wp-json\/wp\/v2\/media\/7875"}],"wp:attachment":[{"href":"https:\/\/www.forceskimya.com\/en\/wp-json\/wp\/v2\/media?parent=7584"}],"wp:term":[{"taxonomy":"product_cat","embeddable":true,"href":"https:\/\/www.forceskimya.com\/en\/wp-json\/wp\/v2\/product_cat?post=7584"},{"taxonomy":"product_tag","embeddable":true,"href":"https:\/\/www.forceskimya.com\/en\/wp-json\/wp\/v2\/product_tag?post=7584"}],"curies":[{"name":"wp","href":"https:\/\/api.w.org\/{rel}","templated":true}]}}