{"id":7580,"date":"2019-03-04T09:21:08","date_gmt":"2019-03-04T09:21:08","guid":{"rendered":"http:\/\/www.forceskimya.com\/?post_type=product&#038;p=7580"},"modified":"2019-04-08T14:17:04","modified_gmt":"2019-04-08T14:17:04","slug":"force-crh-ex-harc-ve-beton-sokucu","status":"publish","type":"product","link":"https:\/\/www.forceskimya.com\/en\/product\/force-crh-ex-harc-ve-beton-sokucu\/","title":{"rendered":"FORCE CRH EX, MORTAR AND CONCRETE DISSOLVER"},"content":{"rendered":"<p>Concentrated mortar and concrete dissolver<\/p>","protected":false},"excerpt":{"rendered":"<p><strong>PRODUCT DESCRIPTION:<\/strong><\/p>\n<p>Thanks to Its\nextra strong formula, it solves\nstubborn lime, cement depositions,\nblackened organic dirt, and\npost-shipment cleaning problems.\nCleans stubborn lime and cement and\nSurface without abrasion and wear, without\nneeding to scraping with tools. It is an effective\nproduct used especially in the construction and\nship sector, and in the transport sector and\nmortar trucks to clean cement dust residues\nbefore and after storage.<br \/>\n\u0130nat\u00e7\u0131 kire\u00e7 ve \u00e7imento bir tak\u0131m aletlerle kaz\u0131man\u0131za gerek kalmadan, temizlik yap\u0131lan y\u00fczeyi a\u015f\u0131nd\u0131rmadan ve y\u0131pratmadan temizler.<br \/>\n\u00d6zellikle in\u015faat ve gemi sekt\u00f6r\u00fcnde \u00e7imento toz kal\u0131nt\u0131lar\u0131n\u0131 depolama \u00f6ncesi ve sonras\u0131, nakil ve har\u00e7 kamyonlar\u0131nda kullan\u0131lan etkili bir \u00fcr\u00fcnd\u00fcr.<br \/>\n\u0130\u00e7erdi\u011fi \u00f6zel inhibit\u00f6rler sayesinde boyal\u0131 metal aksamlarda korozyona sebep vermez.<\/p>\n<p><strong>AREAS OF USAGE:<\/strong> \u00a0Cement silos, truckmixers, concrete pumps, concrete mixers.<\/p>\n<p><strong>DIRECTIONS FOR USE:<\/strong> It is diluted with water up to 1:5 according to the lime and mortar condition of the application area. Approximately 2-3 minutes later, it is brushed and rinsed with pressurized water.<\/p>","protected":false},"featured_media":7871,"template":"","meta":[],"product_cat":[40],"product_tag":[],"_links":{"self":[{"href":"https:\/\/www.forceskimya.com\/en\/wp-json\/wp\/v2\/product\/7580"}],"collection":[{"href":"https:\/\/www.forceskimya.com\/en\/wp-json\/wp\/v2\/product"}],"about":[{"href":"https:\/\/www.forceskimya.com\/en\/wp-json\/wp\/v2\/types\/product"}],"wp:featuredmedia":[{"embeddable":true,"href":"https:\/\/www.forceskimya.com\/en\/wp-json\/wp\/v2\/media\/7871"}],"wp:attachment":[{"href":"https:\/\/www.forceskimya.com\/en\/wp-json\/wp\/v2\/media?parent=7580"}],"wp:term":[{"taxonomy":"product_cat","embeddable":true,"href":"https:\/\/www.forceskimya.com\/en\/wp-json\/wp\/v2\/product_cat?post=7580"},{"taxonomy":"product_tag","embeddable":true,"href":"https:\/\/www.forceskimya.com\/en\/wp-json\/wp\/v2\/product_tag?post=7580"}],"curies":[{"name":"wp","href":"https:\/\/api.w.org\/{rel}","templated":true}]}}