{"id":7576,"date":"2019-03-04T09:14:41","date_gmt":"2019-03-04T09:14:41","guid":{"rendered":"http:\/\/www.forceskimya.com\/?post_type=product&#038;p=7576"},"modified":"2019-04-08T14:20:00","modified_gmt":"2019-04-08T14:20:00","slug":"force-anti-paint-dy-zemin-ve-makine-uzerinden-boya-cozucu","status":"publish","type":"product","link":"https:\/\/www.forceskimya.com\/en\/product\/force-anti-paint-dy-zemin-ve-makine-uzerinden-boya-cozucu\/","title":{"rendered":"PAINT FLOOR PAINT SOLVENT THROUGH THE MACHINE AND FORCE THE ANTI DY"},"content":{"rendered":"<p>Zemin ve makine \u00fczerinden boya \u00e7\u00f6z\u00fcc\u00fc<\/p>\n<p>&nbsp;<\/p>","protected":false},"excerpt":{"rendered":"<p><strong>PRODUCT DESCRIPTION:<\/strong> Metal \u00fczeri \u00f6zel boyalar\u0131n s\u00f6k\u00fclmesi i\u00e7in \u00fcretilmi\u015f metal boya s\u00f6k\u00fcc\u00fc \u00fcr\u00fcnd\u00fcr. Y\u00fcksek aktivite oran\u0131 ve extra g\u00fc\u00e7lendirilmi\u015f yap\u0131s\u0131 sayesinde \u00e7ok h\u0131zl\u0131 boya s\u00f6k\u00fcc\u00fc olarak bilinir. Bu \u00f6zelli\u011fi onu sekt\u00f6rde benzersiz k\u0131lan en \u00f6nemli \u00f6zelliktir.<\/p>\n<p><strong>AREAS OF USAGE:<\/strong> Her t\u00fcrl\u00fc makine ve zemin i\u00e7in uygundur.<\/p>\n<p><strong>DIRECTION FOR USE:<\/strong> Apply directly.<\/p>","protected":false},"featured_media":7875,"template":"","meta":[],"product_cat":[40],"product_tag":[],"_links":{"self":[{"href":"https:\/\/www.forceskimya.com\/en\/wp-json\/wp\/v2\/product\/7576"}],"collection":[{"href":"https:\/\/www.forceskimya.com\/en\/wp-json\/wp\/v2\/product"}],"about":[{"href":"https:\/\/www.forceskimya.com\/en\/wp-json\/wp\/v2\/types\/product"}],"wp:featuredmedia":[{"embeddable":true,"href":"https:\/\/www.forceskimya.com\/en\/wp-json\/wp\/v2\/media\/7875"}],"wp:attachment":[{"href":"https:\/\/www.forceskimya.com\/en\/wp-json\/wp\/v2\/media?parent=7576"}],"wp:term":[{"taxonomy":"product_cat","embeddable":true,"href":"https:\/\/www.forceskimya.com\/en\/wp-json\/wp\/v2\/product_cat?post=7576"},{"taxonomy":"product_tag","embeddable":true,"href":"https:\/\/www.forceskimya.com\/en\/wp-json\/wp\/v2\/product_tag?post=7576"}],"curies":[{"name":"wp","href":"https:\/\/api.w.org\/{rel}","templated":true}]}}