{"id":7575,"date":"2019-03-04T09:13:31","date_gmt":"2019-03-04T09:13:31","guid":{"rendered":"http:\/\/www.forceskimya.com\/?post_type=product&#038;p=7575"},"modified":"2019-04-08T14:20:01","modified_gmt":"2019-04-08T14:20:01","slug":"force-anti-paint-2-daldirma-tip-boya-sokucu-solvent-komponenti","status":"publish","type":"product","link":"https:\/\/www.forceskimya.com\/en\/product\/force-anti-paint-2-daldirma-tip-boya-sokucu-solvent-komponenti\/","title":{"rendered":"FORCE ANTI-IMMERSION TYPE PAINT 2 PAINT REMOVER, SOLVENT COMPONENT."},"content":{"rendered":"<p>DALDIRMA T\u0130P BOYA S\u00d6K\u00dcC\u00dc SOLVENT KOMPONENT\u0130.<\/p>","protected":false},"excerpt":{"rendered":"<p>DALDIRMA T\u0130P BOYA S\u00d6K\u00dcC\u00dc SOLVENT KOMPONENT\u0130.<\/p>","protected":false},"featured_media":7873,"template":"","meta":[],"product_cat":[40],"product_tag":[],"_links":{"self":[{"href":"https:\/\/www.forceskimya.com\/en\/wp-json\/wp\/v2\/product\/7575"}],"collection":[{"href":"https:\/\/www.forceskimya.com\/en\/wp-json\/wp\/v2\/product"}],"about":[{"href":"https:\/\/www.forceskimya.com\/en\/wp-json\/wp\/v2\/types\/product"}],"wp:featuredmedia":[{"embeddable":true,"href":"https:\/\/www.forceskimya.com\/en\/wp-json\/wp\/v2\/media\/7873"}],"wp:attachment":[{"href":"https:\/\/www.forceskimya.com\/en\/wp-json\/wp\/v2\/media?parent=7575"}],"wp:term":[{"taxonomy":"product_cat","embeddable":true,"href":"https:\/\/www.forceskimya.com\/en\/wp-json\/wp\/v2\/product_cat?post=7575"},{"taxonomy":"product_tag","embeddable":true,"href":"https:\/\/www.forceskimya.com\/en\/wp-json\/wp\/v2\/product_tag?post=7575"}],"curies":[{"name":"wp","href":"https:\/\/api.w.org\/{rel}","templated":true}]}}