{"id":7574,"date":"2019-03-04T09:11:51","date_gmt":"2019-03-04T09:11:51","guid":{"rendered":"http:\/\/www.forceskimya.com\/?post_type=product&#038;p=7574"},"modified":"2019-04-09T10:46:36","modified_gmt":"2019-04-09T10:46:36","slug":"force-anti-paint-1-daldirma-tip-boya-sokucu-alkali-komponenti","status":"publish","type":"product","link":"https:\/\/www.forceskimya.com\/en\/product\/force-anti-paint-1-daldirma-tip-boya-sokucu-alkali-komponenti\/","title":{"rendered":"FORCE 1 PAINT REMOVER PAINT ANTI IMMERSION TYPE ALKALINE COMPONENTS"},"content":{"rendered":"<p>DALDIRMA T\u0130P BOYA S\u00d6K\u00dcC\u00dc ALKAL\u0130 KOMPONENT\u0130<\/p>\n<p>&nbsp;<\/p>","protected":false},"excerpt":{"rendered":"<p><strong>PRODUCT DESCRIPTION:<\/strong> Alkali boya s\u00f6k\u00fcc\u00fcler genelde y\u00fcksek s\u0131cakl\u0131kta \u00e7al\u0131\u015f\u0131r ve \u00e7ok katl\u0131 boyalar\u0131n s\u00f6kme i\u015fleminde kullan\u0131labilir. \u00d6zellikle demir ve \u00e7elik \u00fczerinde boya s\u00f6k\u00fcc\u00fc olarak kullan\u0131l\u0131r. Elektrostatik toz boya ve ya\u015f boya i\u00e7in kullan\u0131labilir.<\/p>\n<p><strong>AREAS OF USAGE:<\/strong> \u00d6zel olarak \u00fcretilmi\u015f \u00e7ok g\u00fc\u00e7l\u00fc ve s\u00fcratle n\u00fcfuz eden bir \u00fcr\u00fcnd\u00fcr. Piyasada yaln\u0131z metal y\u00fczeylerde de\u011fil, ah\u015fap ve d\u0131\u015f cephelerde kullan\u0131lan boyalar\u0131n %99\u2019 unu \u00e7\u00f6zer. Kullan\u0131m\u0131 kolay ayr\u0131ca ekonomiktir. \u00c7ift kompenantl\u0131 olup, tek kompenant olarak \u00fcr\u00fcn etki g\u00f6stermez. FORCE ANTI PAINT 1&#8217;dan 1 birim, FORCE ANTI PAINT \u00a02&#8217;dan 4 birim Eklenerek Dald\u0131rma y\u00f6ntemi uygulan\u0131r. Reaksiyon s\u00fcresinin bitmesinden sonra su ile durulan\u0131r.<\/p>","protected":false},"featured_media":7871,"template":"","meta":[],"product_cat":[40],"product_tag":[],"_links":{"self":[{"href":"https:\/\/www.forceskimya.com\/en\/wp-json\/wp\/v2\/product\/7574"}],"collection":[{"href":"https:\/\/www.forceskimya.com\/en\/wp-json\/wp\/v2\/product"}],"about":[{"href":"https:\/\/www.forceskimya.com\/en\/wp-json\/wp\/v2\/types\/product"}],"wp:featuredmedia":[{"embeddable":true,"href":"https:\/\/www.forceskimya.com\/en\/wp-json\/wp\/v2\/media\/7871"}],"wp:attachment":[{"href":"https:\/\/www.forceskimya.com\/en\/wp-json\/wp\/v2\/media?parent=7574"}],"wp:term":[{"taxonomy":"product_cat","embeddable":true,"href":"https:\/\/www.forceskimya.com\/en\/wp-json\/wp\/v2\/product_cat?post=7574"},{"taxonomy":"product_tag","embeddable":true,"href":"https:\/\/www.forceskimya.com\/en\/wp-json\/wp\/v2\/product_tag?post=7574"}],"curies":[{"name":"wp","href":"https:\/\/api.w.org\/{rel}","templated":true}]}}