{"id":7573,"date":"2019-03-04T09:10:32","date_gmt":"2019-03-04T09:10:32","guid":{"rendered":"http:\/\/www.forceskimya.com\/?post_type=product&#038;p=7573"},"modified":"2019-04-09T10:46:40","modified_gmt":"2019-04-09T10:46:40","slug":"force-anti-paint-asidik-boya-cozucu","status":"publish","type":"product","link":"https:\/\/www.forceskimya.com\/en\/product\/force-anti-paint-asidik-boya-cozucu\/","title":{"rendered":"FORCE ANTI ACIDIC SOLVENT PAINT"},"content":{"rendered":"<p>AS\u0130D\u0130K BOYA \u00c7\u00d6Z\u00dcC\u00dc<\/p>\n<p>&nbsp;<\/p>","protected":false},"excerpt":{"rendered":"<p><strong>PRODUCT DESCRIPTION:<\/strong> En zor boya lekelerini dahi \u00e7\u0131kartmak i\u00e7in \u00f6zel form\u00fcle edilmi\u015f bir \u00fcr\u00fcnd\u00fcr. \u00d6zel formulasyonu sayesinde kolay ve h\u0131zl\u0131 temizlik sa\u011flar. \u00c7abuk u\u00e7ar. \u0130z ve leke b\u0131rakmaz.<\/p>\n<p><strong>AREAS OF USAGE:<\/strong> Her t\u00fcrl\u00fc boyal\u0131 y\u00fczeylerde boyay\u0131 temizlemek ama\u00e7l\u0131 kullan\u0131l\u0131r.<\/p>\n<p><strong>DIRECTION FOR USE:<\/strong> Apply directly.<\/p>","protected":false},"featured_media":7874,"template":"","meta":[],"product_cat":[40],"product_tag":[],"_links":{"self":[{"href":"https:\/\/www.forceskimya.com\/en\/wp-json\/wp\/v2\/product\/7573"}],"collection":[{"href":"https:\/\/www.forceskimya.com\/en\/wp-json\/wp\/v2\/product"}],"about":[{"href":"https:\/\/www.forceskimya.com\/en\/wp-json\/wp\/v2\/types\/product"}],"wp:featuredmedia":[{"embeddable":true,"href":"https:\/\/www.forceskimya.com\/en\/wp-json\/wp\/v2\/media\/7874"}],"wp:attachment":[{"href":"https:\/\/www.forceskimya.com\/en\/wp-json\/wp\/v2\/media?parent=7573"}],"wp:term":[{"taxonomy":"product_cat","embeddable":true,"href":"https:\/\/www.forceskimya.com\/en\/wp-json\/wp\/v2\/product_cat?post=7573"},{"taxonomy":"product_tag","embeddable":true,"href":"https:\/\/www.forceskimya.com\/en\/wp-json\/wp\/v2\/product_tag?post=7573"}],"curies":[{"name":"wp","href":"https:\/\/api.w.org\/{rel}","templated":true}]}}