{"id":7572,"date":"2019-03-04T09:09:06","date_gmt":"2019-03-04T09:09:06","guid":{"rendered":"http:\/\/www.forceskimya.com\/?post_type=product&#038;p=7572"},"modified":"2019-04-09T10:46:56","modified_gmt":"2019-04-09T10:46:56","slug":"force-anti-foam-ekstra-kopuk-kesici","status":"publish","type":"product","link":"https:\/\/www.forceskimya.com\/en\/product\/force-anti-foam-ekstra-kopuk-kesici\/","title":{"rendered":"EXTRA FOAM CUTTER FOAM ANTI FORCE"},"content":{"rendered":"<p>EKSTRA K\u00d6P\u00dcK KES\u0130C\u0130<\/p>\n<p>&nbsp;<\/p>","protected":false},"excerpt":{"rendered":"<p><strong>PRODUCT DESCRIPTION:<\/strong> K\u00f6p\u00fc\u011f\u00fcn \u00f6nlenmesinde ve giderilmesinde kullan\u0131l\u0131r. Geni\u015f ph limitlerine uygundur.<\/p>\n<p><strong>AREAS OF USAGE:<\/strong> Her t\u00fcrl\u00fc temizlik i\u015flemi s\u0131ras\u0131nda k\u00f6p\u00fcrme istenmiyorsa kullan\u0131l\u0131r.<\/p>\n<p><strong>DIRECTION FOR USE:<\/strong> Depending on the condition of the foam, 5 to 10 gr can be added to 100 kg of product.<\/p>","protected":false},"featured_media":7875,"template":"","meta":[],"product_cat":[40],"product_tag":[],"_links":{"self":[{"href":"https:\/\/www.forceskimya.com\/en\/wp-json\/wp\/v2\/product\/7572"}],"collection":[{"href":"https:\/\/www.forceskimya.com\/en\/wp-json\/wp\/v2\/product"}],"about":[{"href":"https:\/\/www.forceskimya.com\/en\/wp-json\/wp\/v2\/types\/product"}],"wp:featuredmedia":[{"embeddable":true,"href":"https:\/\/www.forceskimya.com\/en\/wp-json\/wp\/v2\/media\/7875"}],"wp:attachment":[{"href":"https:\/\/www.forceskimya.com\/en\/wp-json\/wp\/v2\/media?parent=7572"}],"wp:term":[{"taxonomy":"product_cat","embeddable":true,"href":"https:\/\/www.forceskimya.com\/en\/wp-json\/wp\/v2\/product_cat?post=7572"},{"taxonomy":"product_tag","embeddable":true,"href":"https:\/\/www.forceskimya.com\/en\/wp-json\/wp\/v2\/product_tag?post=7572"}],"curies":[{"name":"wp","href":"https:\/\/api.w.org\/{rel}","templated":true}]}}