{"id":7571,"date":"2019-03-04T09:07:30","date_gmt":"2019-03-04T09:07:30","guid":{"rendered":"http:\/\/www.forceskimya.com\/?post_type=product&#038;p=7571"},"modified":"2019-04-09T10:47:08","modified_gmt":"2019-04-09T10:47:08","slug":"force-ang-konsantre-cilt-temizleyici","status":"publish","type":"product","link":"https:\/\/www.forceskimya.com\/en\/product\/force-ang-konsantre-cilt-temizleyici\/","title":{"rendered":"FORCE ANG SKIN CLEANER CONCENTRATE"},"content":{"rendered":"<p>KONSANTRE C\u0130LT TEM\u0130ZLEY\u0130C\u0130<\/p>\n<p>&nbsp;<\/p>","protected":false},"excerpt":{"rendered":"<p><strong>PRODUCT DESCRIPTION:<\/strong> Ellerdeki ya\u011f\u0131, isi, kurum ve muhtelif kirleri temizleyen end\u00fcstriyel cilt temizleme \u00fcr\u00fcn\u00fcd\u00fcr. Cildi temizlerken nemlendirir. K\u00f6p\u00fc\u011f\u00fc ayarl\u0131d\u0131r. Kolay durulan\u0131r, ekonomiktir.<\/p>\n<p><strong>AREAS OF USAGE:<\/strong> Torna ve kaynak kullan\u0131lan \u00fcretim tesisleri, ara\u00e7 servisleri, boya fabrikalar\u0131, \u015fantiyeler<\/p>\n<p><strong>DIRECTION FOR USE:<\/strong> It is diluted with water at a ratio of 1:5 to 1:8. When it is diluted with water, it turns into gel form. Diluted amount of Forbit is poured into the hand and rubbed to allow the dirt to flow. Rinsed with plenty of water.<\/p>","protected":false},"featured_media":7873,"template":"","meta":[],"product_cat":[40],"product_tag":[],"_links":{"self":[{"href":"https:\/\/www.forceskimya.com\/en\/wp-json\/wp\/v2\/product\/7571"}],"collection":[{"href":"https:\/\/www.forceskimya.com\/en\/wp-json\/wp\/v2\/product"}],"about":[{"href":"https:\/\/www.forceskimya.com\/en\/wp-json\/wp\/v2\/types\/product"}],"wp:featuredmedia":[{"embeddable":true,"href":"https:\/\/www.forceskimya.com\/en\/wp-json\/wp\/v2\/media\/7873"}],"wp:attachment":[{"href":"https:\/\/www.forceskimya.com\/en\/wp-json\/wp\/v2\/media?parent=7571"}],"wp:term":[{"taxonomy":"product_cat","embeddable":true,"href":"https:\/\/www.forceskimya.com\/en\/wp-json\/wp\/v2\/product_cat?post=7571"},{"taxonomy":"product_tag","embeddable":true,"href":"https:\/\/www.forceskimya.com\/en\/wp-json\/wp\/v2\/product_tag?post=7571"}],"curies":[{"name":"wp","href":"https:\/\/api.w.org\/{rel}","templated":true}]}}