{"id":7565,"date":"2019-03-04T08:47:32","date_gmt":"2019-03-04T08:47:32","guid":{"rendered":"http:\/\/www.forceskimya.com\/?post_type=product&#038;p=7565"},"modified":"2019-04-09T10:50:44","modified_gmt":"2019-04-09T10:50:44","slug":"force-yosun-onleyici-sus-havuzlari-icin-yosun-onleyici","status":"publish","type":"product","link":"https:\/\/www.forceskimya.com\/en\/product\/force-yosun-onleyici-sus-havuzlari-icin-yosun-onleyici\/","title":{"rendered":"ORNAMENTAL PONDS FOR ALGAE PREVENTING ALGAE PREVENTING THE FORCE"},"content":{"rendered":"<p>S\u00dcS HAVUZLARI \u0130\u00c7\u0130N YOSUN \u00d6NLEY\u0130C\u0130<\/p>","protected":false},"excerpt":{"rendered":"<p>Havuz suyunda dezenfeksiyon ama\u00e7l\u0131 kullan\u0131l\u0131r. Bakteri yosun ve mikroorganizmalar\u0131n olu\u015fumunu engeller.<\/p>\n<p><strong>DIRECTION FOR USE:<\/strong> The product is added to 100 m3 water at a ratio of 0,5L to 1L.<\/p>","protected":false},"featured_media":7872,"template":"","meta":[],"product_cat":[40],"product_tag":[],"_links":{"self":[{"href":"https:\/\/www.forceskimya.com\/en\/wp-json\/wp\/v2\/product\/7565"}],"collection":[{"href":"https:\/\/www.forceskimya.com\/en\/wp-json\/wp\/v2\/product"}],"about":[{"href":"https:\/\/www.forceskimya.com\/en\/wp-json\/wp\/v2\/types\/product"}],"wp:featuredmedia":[{"embeddable":true,"href":"https:\/\/www.forceskimya.com\/en\/wp-json\/wp\/v2\/media\/7872"}],"wp:attachment":[{"href":"https:\/\/www.forceskimya.com\/en\/wp-json\/wp\/v2\/media?parent=7565"}],"wp:term":[{"taxonomy":"product_cat","embeddable":true,"href":"https:\/\/www.forceskimya.com\/en\/wp-json\/wp\/v2\/product_cat?post=7565"},{"taxonomy":"product_tag","embeddable":true,"href":"https:\/\/www.forceskimya.com\/en\/wp-json\/wp\/v2\/product_tag?post=7565"}],"curies":[{"name":"wp","href":"https:\/\/api.w.org\/{rel}","templated":true}]}}