{"id":7557,"date":"2019-03-04T08:23:31","date_gmt":"2019-03-04T08:23:31","guid":{"rendered":"http:\/\/www.forceskimya.com\/?post_type=product&#038;p=7557"},"modified":"2019-04-09T10:58:03","modified_gmt":"2019-04-09T10:58:03","slug":"force-sol-su-bazli-endustriyel-yag-cozucu","status":"publish","type":"product","link":"https:\/\/www.forceskimya.com\/en\/product\/force-sol-su-bazli-endustriyel-yag-cozucu\/","title":{"rendered":"Force Sol Water-Based Industrial Oil Dissolver"},"content":{"rendered":"<p>WATER-BASED INDUSTRIAL DEGREASER<\/p>","protected":false},"excerpt":{"rendered":"<p>Thanks to its special formula, it emulsifies the oil and\nremoves it from the environment. It is an industrial strong oil\nsolvent used in cleaning the factory floors, cleaning oil and\ndirt on machines and benches.<\/p>\n<p><strong>DIRECTION FOR USE:<\/strong> Diluted with water at a ratio of 1\/5 to 1\/50 depending on the intensity of dust . Applied by spraying or wiping method. <span style=\"text-decoration: underline;\">YO\u011eUNLU\u011eUNA<\/span> G\u00d6RE 1\/5 \u0130LE 1\/30\u00a0 ORANINDA SU \u0130LE SEYRELT\u0130LEREK, P\u00dcSK\u00dcRTME VEYA S\u0130LME Y\u00d6NTEM\u0130 \u0130LE KULLANILIR.<\/p>","protected":false},"featured_media":7875,"template":"","meta":[],"product_cat":[40],"product_tag":[],"_links":{"self":[{"href":"https:\/\/www.forceskimya.com\/en\/wp-json\/wp\/v2\/product\/7557"}],"collection":[{"href":"https:\/\/www.forceskimya.com\/en\/wp-json\/wp\/v2\/product"}],"about":[{"href":"https:\/\/www.forceskimya.com\/en\/wp-json\/wp\/v2\/types\/product"}],"wp:featuredmedia":[{"embeddable":true,"href":"https:\/\/www.forceskimya.com\/en\/wp-json\/wp\/v2\/media\/7875"}],"wp:attachment":[{"href":"https:\/\/www.forceskimya.com\/en\/wp-json\/wp\/v2\/media?parent=7557"}],"wp:term":[{"taxonomy":"product_cat","embeddable":true,"href":"https:\/\/www.forceskimya.com\/en\/wp-json\/wp\/v2\/product_cat?post=7557"},{"taxonomy":"product_tag","embeddable":true,"href":"https:\/\/www.forceskimya.com\/en\/wp-json\/wp\/v2\/product_tag?post=7557"}],"curies":[{"name":"wp","href":"https:\/\/api.w.org\/{rel}","templated":true}]}}