{"id":7556,"date":"2019-03-04T08:22:40","date_gmt":"2019-03-04T08:22:40","guid":{"rendered":"http:\/\/www.forceskimya.com\/?post_type=product&#038;p=7556"},"modified":"2019-04-09T10:58:31","modified_gmt":"2019-04-09T10:58:31","slug":"force-soft-yuksek-aktifli-konsantre-elde-bulasik-yikama-maddesi","status":"publish","type":"product","link":"https:\/\/www.forceskimya.com\/en\/product\/force-soft-yuksek-aktifli-konsantre-elde-bulasik-yikama-maddesi\/","title":{"rendered":"Force Soft Highly Active Concentrated Dish\nWashing Product By Hand"},"content":{"rendered":"<p>HIGHLY ACTIVE CONCENTRATED DISH WASHING PRODUCT BY HAND<\/p>","protected":false},"excerpt":{"rendered":"<p>Product Description: Concentrated dishwashing agent\nthat does not leave any residue with its strong oil\ndissolving feature, is easy to rinse, does not contain\nphosphate, and acts in all water conditions.<\/p>\n<p><strong>Direction For Use:<\/strong> Diluted with water at the rate of 1\/1 to1\/4. 1 tbsp of product is added to 5L in direct usage<\/p>\n<p>D\u0130REK KULLANIMDA 5 LT SUYA 1 TATLI KA\u015eI\u011eI \u00dcR\u00dcN \u0130LAVE ED\u0130L\u0130R.<\/p>","protected":false},"featured_media":7874,"template":"","meta":[],"product_cat":[40],"product_tag":[],"_links":{"self":[{"href":"https:\/\/www.forceskimya.com\/en\/wp-json\/wp\/v2\/product\/7556"}],"collection":[{"href":"https:\/\/www.forceskimya.com\/en\/wp-json\/wp\/v2\/product"}],"about":[{"href":"https:\/\/www.forceskimya.com\/en\/wp-json\/wp\/v2\/types\/product"}],"wp:featuredmedia":[{"embeddable":true,"href":"https:\/\/www.forceskimya.com\/en\/wp-json\/wp\/v2\/media\/7874"}],"wp:attachment":[{"href":"https:\/\/www.forceskimya.com\/en\/wp-json\/wp\/v2\/media?parent=7556"}],"wp:term":[{"taxonomy":"product_cat","embeddable":true,"href":"https:\/\/www.forceskimya.com\/en\/wp-json\/wp\/v2\/product_cat?post=7556"},{"taxonomy":"product_tag","embeddable":true,"href":"https:\/\/www.forceskimya.com\/en\/wp-json\/wp\/v2\/product_tag?post=7556"}],"curies":[{"name":"wp","href":"https:\/\/api.w.org\/{rel}","templated":true}]}}