{"id":7538,"date":"2019-03-04T08:07:28","date_gmt":"2019-03-04T08:07:28","guid":{"rendered":"http:\/\/www.forceskimya.com\/?post_type=product&#038;p=7538"},"modified":"2019-04-09T11:04:58","modified_gmt":"2019-04-09T11:04:58","slug":"force-shine-granit-granit-temizleyici-ve-parlatici","status":"publish","type":"product","link":"https:\/\/www.forceskimya.com\/en\/product\/force-shine-granit-granit-temizleyici-ve-parlatici\/","title":{"rendered":"FORCE SHINE GRANIT, GRANITE\nCLEANER AND POLISH"},"content":{"rendered":"<p>GRAN\u0130T TEM\u0130ZLEY\u0130C\u0130 VE PARLATICI<\/p>","protected":false},"excerpt":{"rendered":"<p>Thanks to its special formula, it provides perfect\ncleaning and shine on all surfaces that are not\naffected by polished and shiny water on granite\nfloors. With its antistatic structure, it delays the dust\nretention of the surface, does not damage the\nsurface and leaves no traces, and also extends the\nlife of the polish on polished surfaces.<\/p>\n<p><strong>DIRECTION FOR USE:<\/strong> It is diluted with water at a ratio of 1\/20 to 1\/50. It is applied on mop or floor cleaning machine.<\/p>","protected":false},"featured_media":7874,"template":"","meta":[],"product_cat":[40],"product_tag":[],"_links":{"self":[{"href":"https:\/\/www.forceskimya.com\/en\/wp-json\/wp\/v2\/product\/7538"}],"collection":[{"href":"https:\/\/www.forceskimya.com\/en\/wp-json\/wp\/v2\/product"}],"about":[{"href":"https:\/\/www.forceskimya.com\/en\/wp-json\/wp\/v2\/types\/product"}],"wp:featuredmedia":[{"embeddable":true,"href":"https:\/\/www.forceskimya.com\/en\/wp-json\/wp\/v2\/media\/7874"}],"wp:attachment":[{"href":"https:\/\/www.forceskimya.com\/en\/wp-json\/wp\/v2\/media?parent=7538"}],"wp:term":[{"taxonomy":"product_cat","embeddable":true,"href":"https:\/\/www.forceskimya.com\/en\/wp-json\/wp\/v2\/product_cat?post=7538"},{"taxonomy":"product_tag","embeddable":true,"href":"https:\/\/www.forceskimya.com\/en\/wp-json\/wp\/v2\/product_tag?post=7538"}],"curies":[{"name":"wp","href":"https:\/\/api.w.org\/{rel}","templated":true}]}}