{"id":7534,"date":"2019-03-04T08:04:43","date_gmt":"2019-03-04T08:04:43","guid":{"rendered":"http:\/\/www.forceskimya.com\/?post_type=product&#038;p=7534"},"modified":"2019-04-09T11:05:13","modified_gmt":"2019-04-09T11:05:13","slug":"force-rd-yalitim-ve-yuzey-kaplamasi","status":"publish","type":"product","link":"https:\/\/www.forceskimya.com\/en\/product\/force-rd-yalitim-ve-yuzey-kaplamasi\/","title":{"rendered":"FORCE R&amp;D AND SURFACE COATING INSULATION"},"content":{"rendered":"<p>YALITIM VE Y\u00dcZEY KAPLAMA \u00dcR\u00dcN\u00dc<\/p>","protected":false},"excerpt":{"rendered":"<p>\u00d6zel form\u00fcl\u00fc ile; cam, mozaik, fayans, porselen, seramik, mermer, granit, do\u011fal ta\u015f, ah\u015fap, beton, \u015fap,\u00a0 galvaniz sac, al\u00fcminyum vb. y\u00fczeyler \u00fczerine yap\u0131\u015fmas\u0131 m\u00fckemmel olan, atmosferik \u015fartlara mukavemeti, \u015feffaf g\u00f6r\u00fcn\u00fcml\u00fc ,m\u00fckemmel su direncinin yan\u0131 s\u0131ra y\u00fcksek kimyasal ve fiziksel dirence sahip su yal\u0131t\u0131m\u0131nda ve ayr\u0131ca dekoratif ama\u00e7l\u0131 kullan\u0131lan \u00e7ift bile\u015fenli bir \u00fcr\u00fcnd\u00fcr. U.V&#8217;den ve d\u0131\u015f hava ko\u015fullar\u0131ndan etkilenmez. Zamanla sararma, solma ya da kalkma yapmaz. \u00d6zellikle balkon, teras, banyo, havuz gibi zeminlerde do\u011fan yal\u0131t\u0131m problemlerinin \u00e7\u00f6z\u00fcm\u00fcnde mevcut kaplamay\u0131 bozmadan ve zarar vermeden kolayca uygulan\u0131r.<\/p>\n<p><strong>DIRECTION FOR USE:<\/strong><\/p>\n<p><strong>\u2022Uygulama \u015eekli:<\/strong> F\u0131r\u00e7a, rulo yada p\u00fcsk\u00fcrtme ile uygulan\u0131r. Kar\u0131\u015f\u0131m Oran\u0131 7 birim FORCE R&amp;D 1 Komponent \/ 1\u00a0 Brim\u00a0 FORCE R&amp;D 2 Komponent<br \/>\n<strong>\u2022 Kar\u0131\u015f\u0131m \u00f6mr\u00fc:<\/strong> 1 saat \/ 20\u00b0C (ortam s\u0131cakl\u0131\u011f\u0131na ba\u011fl\u0131 olarak de\u011fi\u015febilir)<br \/>\n<strong>\u2022 Uygulama ko\u015fullar\u0131:<\/strong> Havan\u0131n ba\u011f\u0131l nemi en \u00e7ok %80, ortam s\u0131cakl\u0131\u011f\u0131 15-35 \u00b0C ve uygulanacak y\u00fczey s\u0131cakl\u0131\u011f\u0131 en az +5\u00b0C olmal\u0131d\u0131r. Ya\u011fmurlu havalarda a\u00e7\u0131kta uygulanmamal\u0131d\u0131r. Uygulanacak y\u00fczeylerdeki, s\u0131v\u0131 cam ile zemin aras\u0131nda, s\u0131v\u0131 cam\u0131n y\u00fczeye yap\u0131\u015fmas\u0131n\u0131 engelleyebilecek her t\u00fcrl\u00fc ya\u011f, toz, kir, pas ve benzer maddeler t\u00fcm\u00fcyle temizlenmelidir. \u0130yi bir adezyon i\u00e7in y\u00fczey temizli\u011fi \u00e7ok iyi yap\u0131lmal\u0131d\u0131r. \u00dczerine s\u0131v\u0131 cam uygulamas\u0131 yap\u0131lacak eski boyal\u0131 y\u00fczeylerde boya bozuk ve kabarm\u0131\u015f durumdaysa t\u00fcm\u00fcyle kaz\u0131nmal\u0131d\u0131r. Z\u0131mparalanm\u0131\u015f y\u00fczey s\u0131v\u0131 cam uygulamas\u0131 i\u00e7in daha iyi mekanik \u00f6zellik sa\u011flar ve s\u0131v\u0131 cam\u0131n y\u00fczeye daha iyi yap\u0131\u015fmas\u0131na yard\u0131mc\u0131 olur. Uygulama \u00f6ncesi iki bile\u015fen verilen oranlarda ve a\u011f\u0131rl\u0131k\u00e7a iyice kar\u0131\u015ft\u0131r\u0131lmal\u0131d\u0131r. \u0130ki bile\u015fen ancak \u00fcniform ve tam bir kar\u0131\u015f\u0131m durumuna geldi\u011finde istenilen reaksiyona girebilir. Katlar aras\u0131nda bekleme s\u00fcresi 24\u201348 saat\/20\u00b0C olmal\u0131d\u0131r, en iyi performans i\u00e7in 2 veya 3 kat olarak kullan\u0131lmal\u0131d\u0131r.<\/p>","protected":false},"featured_media":7872,"template":"","meta":[],"product_cat":[40],"product_tag":[],"_links":{"self":[{"href":"https:\/\/www.forceskimya.com\/en\/wp-json\/wp\/v2\/product\/7534"}],"collection":[{"href":"https:\/\/www.forceskimya.com\/en\/wp-json\/wp\/v2\/product"}],"about":[{"href":"https:\/\/www.forceskimya.com\/en\/wp-json\/wp\/v2\/types\/product"}],"wp:featuredmedia":[{"embeddable":true,"href":"https:\/\/www.forceskimya.com\/en\/wp-json\/wp\/v2\/media\/7872"}],"wp:attachment":[{"href":"https:\/\/www.forceskimya.com\/en\/wp-json\/wp\/v2\/media?parent=7534"}],"wp:term":[{"taxonomy":"product_cat","embeddable":true,"href":"https:\/\/www.forceskimya.com\/en\/wp-json\/wp\/v2\/product_cat?post=7534"},{"taxonomy":"product_tag","embeddable":true,"href":"https:\/\/www.forceskimya.com\/en\/wp-json\/wp\/v2\/product_tag?post=7534"}],"curies":[{"name":"wp","href":"https:\/\/api.w.org\/{rel}","templated":true}]}}