{"id":7532,"date":"2019-03-04T08:03:14","date_gmt":"2019-03-04T08:03:14","guid":{"rendered":"http:\/\/www.forceskimya.com\/?post_type=product&#038;p=7532"},"modified":"2019-04-09T11:05:31","modified_gmt":"2019-04-09T11:05:31","slug":"force-pwd-alkali-yag-alici-toz","status":"publish","type":"product","link":"https:\/\/www.forceskimya.com\/en\/product\/force-pwd-alkali-yag-alici-toz\/","title":{"rendered":"PWD FORCE THE RECIPIENT FATTY ALKALI POWDER"},"content":{"rendered":"<p>ALKAL\u0130 YA\u011e ALICI TOZ<\/p>","protected":false},"excerpt":{"rendered":"<p>Alkali toz formda temizlik maddesidir. \u00d6zel form\u00fcl\u00fc sayesinde al\u00fcminyum,krom,galvaniz demir gibi hassas veya hassas olmayan y\u00fczeylerin temizlenmesinde kullan\u0131l\u0131r. K\u00f6p\u00fc\u011f\u00fcn\u00fcn kontroll\u00fc olmas\u0131 nedeniyle end\u00fcstriyel par\u00e7a y\u0131kama makinelerinde g\u00fcvenle kullan\u0131l\u0131r.<\/p>\n<p><strong>DIRECTION FOR USE:<\/strong> 40-60 C s\u0131cakl\u0131k aral\u0131\u011f\u0131nda %3-%15 aras\u0131 konsantrasyonda par\u00e7a y\u0131kama makinesine ilave edilerek veya dald\u0131rma y\u00f6ntemiyle uygulan\u0131r.<\/p>","protected":false},"featured_media":7875,"template":"","meta":[],"product_cat":[40],"product_tag":[],"_links":{"self":[{"href":"https:\/\/www.forceskimya.com\/en\/wp-json\/wp\/v2\/product\/7532"}],"collection":[{"href":"https:\/\/www.forceskimya.com\/en\/wp-json\/wp\/v2\/product"}],"about":[{"href":"https:\/\/www.forceskimya.com\/en\/wp-json\/wp\/v2\/types\/product"}],"wp:featuredmedia":[{"embeddable":true,"href":"https:\/\/www.forceskimya.com\/en\/wp-json\/wp\/v2\/media\/7875"}],"wp:attachment":[{"href":"https:\/\/www.forceskimya.com\/en\/wp-json\/wp\/v2\/media?parent=7532"}],"wp:term":[{"taxonomy":"product_cat","embeddable":true,"href":"https:\/\/www.forceskimya.com\/en\/wp-json\/wp\/v2\/product_cat?post=7532"},{"taxonomy":"product_tag","embeddable":true,"href":"https:\/\/www.forceskimya.com\/en\/wp-json\/wp\/v2\/product_tag?post=7532"}],"curies":[{"name":"wp","href":"https:\/\/api.w.org\/{rel}","templated":true}]}}