{"id":7524,"date":"2019-03-04T07:43:59","date_gmt":"2019-03-04T07:43:59","guid":{"rendered":"http:\/\/www.forceskimya.com\/?post_type=product&#038;p=7524"},"modified":"2019-04-09T11:08:20","modified_gmt":"2019-04-09T11:08:20","slug":"force-north-foam-super-konsantre-kopuk-sabun","status":"publish","type":"product","link":"https:\/\/www.forceskimya.com\/en\/product\/force-north-foam-super-konsantre-kopuk-sabun\/","title":{"rendered":"FORCE NORTH FOAM, SUPER CONCENTRATED FOAM SOAP"},"content":{"rendered":"<p>SUPER CONCENTRATED FOAM SOAP<\/p>","protected":false},"excerpt":{"rendered":"<p>It is suitable with skin pH with it's special formula. It\ndoes not dry the skin while cleaning it with it's\nspecial formula. It nourishes and soften skin with the\ngliserin inside. It makes you feel clean for a long\ntime with the lovely smell.It is suitable with skin pH with it's special formula. It\ndoes not dry the skin while cleaning it with it's\nspecial formula. It nourishes and soften skin with the\ngliserin inside. It makes you feel clean for a long\ntime with the lovely smell.<\/p>\n<p><strong>Direction For Use:<\/strong> 1\/10 oran\u0131nda su ile seyreltilerek k\u00f6p\u00fck sabun dispenseri ile kullan\u0131l\u0131r. Avu\u00e7 i\u00e7erisine yeterli\u00a0 miktarda \u00fcr\u00fcn al\u0131narak iyice ovu\u015fturulur daha sonra bol su ile durulan\u0131r.<\/p>","protected":false},"featured_media":7870,"template":"","meta":[],"product_cat":[40],"product_tag":[],"_links":{"self":[{"href":"https:\/\/www.forceskimya.com\/en\/wp-json\/wp\/v2\/product\/7524"}],"collection":[{"href":"https:\/\/www.forceskimya.com\/en\/wp-json\/wp\/v2\/product"}],"about":[{"href":"https:\/\/www.forceskimya.com\/en\/wp-json\/wp\/v2\/types\/product"}],"wp:featuredmedia":[{"embeddable":true,"href":"https:\/\/www.forceskimya.com\/en\/wp-json\/wp\/v2\/media\/7870"}],"wp:attachment":[{"href":"https:\/\/www.forceskimya.com\/en\/wp-json\/wp\/v2\/media?parent=7524"}],"wp:term":[{"taxonomy":"product_cat","embeddable":true,"href":"https:\/\/www.forceskimya.com\/en\/wp-json\/wp\/v2\/product_cat?post=7524"},{"taxonomy":"product_tag","embeddable":true,"href":"https:\/\/www.forceskimya.com\/en\/wp-json\/wp\/v2\/product_tag?post=7524"}],"curies":[{"name":"wp","href":"https:\/\/api.w.org\/{rel}","templated":true}]}}