{"id":7522,"date":"2019-03-04T07:36:57","date_gmt":"2019-03-04T07:36:57","guid":{"rendered":"http:\/\/www.forceskimya.com\/?post_type=product&#038;p=7522"},"modified":"2019-04-09T11:09:09","modified_gmt":"2019-04-09T11:09:09","slug":"force-north-ct-ekonomik-tip-likit-cilt-temizleyici","status":"publish","type":"product","link":"https:\/\/www.forceskimya.com\/en\/product\/force-north-ct-ekonomik-tip-likit-cilt-temizleyici\/","title":{"rendered":"FORCE NORTH CT, ECONOMIC TYPE LIQUID\nSKIN CLEANSER"},"content":{"rendered":"<p>EKONOM\u0130K L\u0130K\u0130T C\u0130LT TEM\u0130ZLEY\u0130C\u0130<\/p>","protected":false},"excerpt":{"rendered":"<p>It is a skin cleaner in a liquid form and suitable with skin\npH with it's special formula. It softens the skin and does\nnot remain any dirt after washing. It is easy to rinse.<\/p>\n<p><strong>Direction For Use:<\/strong> Apply directly. Take sufficient amount of product into the palm and rub it thoroughly, then rinse with plenty of water.<\/p>","protected":false},"featured_media":7874,"template":"","meta":[],"product_cat":[40],"product_tag":[],"_links":{"self":[{"href":"https:\/\/www.forceskimya.com\/en\/wp-json\/wp\/v2\/product\/7522"}],"collection":[{"href":"https:\/\/www.forceskimya.com\/en\/wp-json\/wp\/v2\/product"}],"about":[{"href":"https:\/\/www.forceskimya.com\/en\/wp-json\/wp\/v2\/types\/product"}],"wp:featuredmedia":[{"embeddable":true,"href":"https:\/\/www.forceskimya.com\/en\/wp-json\/wp\/v2\/media\/7874"}],"wp:attachment":[{"href":"https:\/\/www.forceskimya.com\/en\/wp-json\/wp\/v2\/media?parent=7522"}],"wp:term":[{"taxonomy":"product_cat","embeddable":true,"href":"https:\/\/www.forceskimya.com\/en\/wp-json\/wp\/v2\/product_cat?post=7522"},{"taxonomy":"product_tag","embeddable":true,"href":"https:\/\/www.forceskimya.com\/en\/wp-json\/wp\/v2\/product_tag?post=7522"}],"curies":[{"name":"wp","href":"https:\/\/api.w.org\/{rel}","templated":true}]}}