{"id":4060,"date":"2015-02-04T01:03:38","date_gmt":"2015-02-03T17:03:38","guid":{"rendered":"http:\/\/www.rd-themes.com\/TheFox\/?page_id=4060"},"modified":"2026-01-07T16:38:31","modified_gmt":"2026-01-07T16:38:31","slug":"iletisim","status":"publish","type":"page","link":"https:\/\/www.forceskimya.com\/en\/iletisim\/","title":{"rendered":"Communication"},"content":{"rendered":"<section class=\"wpb-content-wrapper\"><div   class=\"vc_row wpb_row vc_row-fluid vc_custom_1422983053417 full-width-content\">\n\t<div  class=\"vc_span12 wpb_column vc_column_container\"><div class=\"vc_column-inner\">\n\t\t<div class=\"wpb_wrapper\">\n\t\t\t<div class=\"wpb_gmaps_widget wpb_content_element\"><div class=\"wpb_wrapper\"><div class=\"wpb_map_wraper\"><iframe src=\"https:\/\/www.google.com\/maps\/embed?pb=!1m14!1m8!1m3!1d12504.284734543913!2d27.2347861!3d38.4167198!3m2!1i1024!2i768!4f13.1!3m3!1m2!1s0x0%3A0x5fe66736e06f0181!2sFORCES%20KIMYA%20SANAYI%20VE%20TICARET%20LTD.STI.!5e0!3m2!1str!2str!4v1640093895596!5m2!1str!2str\" width=\"600\" height=\"450\" style=\"border:0;\" allowfullscreen=\"\" loading=\"lazy\"><\/iframe><\/div><\/div><\/div>\n\t\t<\/div> <\/div>\n\t<\/div> \n<\/div><div   class=\"vc_row wpb_row vc_row-fluid vc_custom_1422986141213\">\n\t<div  class=\"vc_span3 wpb_column vc_column_container\"><div class=\"vc_column-inner vc_custom_1422986149466\">\n\t\t<div class=\"wpb_wrapper\">\n\t\t\t<style type=\"text\/css\" >#rand_l90f5p16m08242tllyte {margin-top:0px; margin-bottom:0px; }<\/style><style type=\"text\/css\" >#rand_l90f5p16m08242tllyte:hover .icon_circle i{color:#1ad6b1 !important;}#rand_l90f5p16m08242tllyte:hover .icon_circle{background:#2d3e50 !important; border:4px solid #1ad6b1!important;}<\/style> <style type='text\/css'> @font-face{font-family: 'fa'; src:url('https:\/\/www.forceskimya.com\/wp-content\/themes\/thefox\/includes\/4k-icons\/icons\/4k-icons-pack02\/icons\/fonts\/fa.eot'); src:url('https:\/\/www.forceskimya.com\/wp-content\/themes\/thefox\/includes\/4k-icons\/icons\/4k-icons-pack02\/icons\/fonts\/fa.eot?#iefix') format('embedded-opentype'), url('https:\/\/www.forceskimya.com\/wp-content\/themes\/thefox\/includes\/4k-icons\/icons\/4k-icons-pack02\/icons\/fonts\/fa.woff') format('woff'), url('https:\/\/www.forceskimya.com\/wp-content\/themes\/thefox\/includes\/4k-icons\/icons\/4k-icons-pack02\/icons\/fonts\/fa.ttf') format('truetype'), url('https:\/\/www.forceskimya.com\/wp-content\/themes\/thefox\/includes\/4k-icons\/icons\/4k-icons-pack02\/icons\/fonts\/fa.svg#oi') format('svg'); font-weight: normal; font-style: normal;}#rand_l90f5p16m08242tllyte .fa-home:before{font-family: 'fa'; font-weight: normal; font-style: normal;}#rand_l90f5p16m08242tllyte .fa-home:before{content: \"\\f015\";}<\/style>\n<style type=\"text\/css\" >#rand_l90f5p16m08242tllyte:hover {background:rgba(44,62,80,0.01) !important; border:1px solid rgba(0,0,0,0.01) !important; color:!important;}#rand_l90f5p16m08242tllyte:hover .icon_circle{background:#2c3e50 !important; border:4px solid #1abc9c!important;}#rand_l90f5p16m08242tllyte:hover .icon_circle i{color:#1abc9c !important;}#rand_l90f5p16m08242tllyte:hover h3{color:#2c3e50 !important;}#rand_l90f5p16m08242tllyte:hover h3{color:#2c3e50 !important;}#rand_l90f5p16m08242tllyte:hover p{ color:;}<\/style> <div id=\"rand_l90f5p16m08242tllyte\" class=\"icon_box2_alt\" style=\"background:#ffffff; border:1px solid #ffffff; \"><div class=\"icon_circle\" style=\"background-color:#1ad6b1;\"><i class=\"fa-home\" ><\/i><\/div><h3 style=\"color:#2c3e50;\" >Address<\/h3><p style=\"color:;\" >FORCES the chemical industry and trade<br \/>\nLtd. \u015eti.<\/p>\n<p>Gaziler Mah. 250 Sk. No:1 Kepez\/Antalya<\/p><\/div>\n\t\t<\/div> <\/div>\n\t<\/div> \n\n\t<div  class=\"vc_span3 wpb_column vc_column_container\"><div class=\"vc_column-inner vc_custom_1422986154812\">\n\t\t<div class=\"wpb_wrapper\">\n\t\t\t<style type=\"text\/css\" >#rand_hn4zgrgw0451m85a5dio {margin-top:0px; margin-bottom:0px; }<\/style><style type=\"text\/css\" >#rand_hn4zgrgw0451m85a5dio:hover .icon_circle i{color:#1ad6b1 !important;}#rand_hn4zgrgw0451m85a5dio:hover .icon_circle{background:#2d3e50 !important; border:4px solid #1ad6b1!important;}<\/style> <style type='text\/css'> @font-face{font-family: 'fa'; src:url('https:\/\/www.forceskimya.com\/wp-content\/themes\/thefox\/includes\/4k-icons\/icons\/4k-icons-pack02\/icons\/fonts\/fa.eot'); src:url('https:\/\/www.forceskimya.com\/wp-content\/themes\/thefox\/includes\/4k-icons\/icons\/4k-icons-pack02\/icons\/fonts\/fa.eot?#iefix') format('embedded-opentype'), url('https:\/\/www.forceskimya.com\/wp-content\/themes\/thefox\/includes\/4k-icons\/icons\/4k-icons-pack02\/icons\/fonts\/fa.woff') format('woff'), url('https:\/\/www.forceskimya.com\/wp-content\/themes\/thefox\/includes\/4k-icons\/icons\/4k-icons-pack02\/icons\/fonts\/fa.ttf') format('truetype'), url('https:\/\/www.forceskimya.com\/wp-content\/themes\/thefox\/includes\/4k-icons\/icons\/4k-icons-pack02\/icons\/fonts\/fa.svg#oi') format('svg'); font-weight: normal; font-style: normal;}#rand_hn4zgrgw0451m85a5dio .fa-envelope-o:before{font-family: 'fa'; font-weight: normal; font-style: normal;}#rand_hn4zgrgw0451m85a5dio .fa-envelope-o:before{content: \"\\f003\";}<\/style>\n<style type=\"text\/css\" >#rand_hn4zgrgw0451m85a5dio:hover {background:rgba(44,62,80,0.01) !important; border:1px solid rgba(0,0,0,0.01) !important; color:!important;}#rand_hn4zgrgw0451m85a5dio:hover .icon_circle{background:#2c3e50 !important; border:4px solid #1abc9c!important;}#rand_hn4zgrgw0451m85a5dio:hover .icon_circle i{color:#1abc9c !important;}#rand_hn4zgrgw0451m85a5dio:hover h3{color:#2c3e50 !important;}#rand_hn4zgrgw0451m85a5dio:hover h3{color:#2c3e50 !important;}#rand_hn4zgrgw0451m85a5dio:hover p{ color:;}<\/style> <div id=\"rand_hn4zgrgw0451m85a5dio\" class=\"icon_box2_alt\" style=\"background:#ffffff; border:1px solid #ffffff; \"><div class=\"icon_circle\" style=\"background-color:#1ad6b1;\"><i class=\"fa-envelope-o\" ><\/i><\/div><h3 style=\"color:#2c3e50;\" >Email<\/h3><p style=\"color:;\" ><a href=\"mailto:info@forceskimya.com\">info@forceskimya.com<\/a><\/p><\/div>\n\t\t<\/div> <\/div>\n\t<\/div> \n\n\t<div  class=\"vc_span3 wpb_column vc_column_container\"><div class=\"vc_column-inner vc_custom_1422986161567\">\n\t\t<div class=\"wpb_wrapper\">\n\t\t\t<style type=\"text\/css\" >#rand_ulcl19ysj8v3jr14p0jc {margin-top:0px; margin-bottom:0px; }<\/style><style type=\"text\/css\" >#rand_ulcl19ysj8v3jr14p0jc:hover .icon_circle i{color:#1ad6b1 !important;}#rand_ulcl19ysj8v3jr14p0jc:hover .icon_circle{background:#2d3e50 !important; border:4px solid #1ad6b1!important;}<\/style> <style type='text\/css'> @font-face{font-family: 'fa'; src:url('https:\/\/www.forceskimya.com\/wp-content\/themes\/thefox\/includes\/4k-icons\/icons\/4k-icons-pack02\/icons\/fonts\/fa.eot'); src:url('https:\/\/www.forceskimya.com\/wp-content\/themes\/thefox\/includes\/4k-icons\/icons\/4k-icons-pack02\/icons\/fonts\/fa.eot?#iefix') format('embedded-opentype'), url('https:\/\/www.forceskimya.com\/wp-content\/themes\/thefox\/includes\/4k-icons\/icons\/4k-icons-pack02\/icons\/fonts\/fa.woff') format('woff'), url('https:\/\/www.forceskimya.com\/wp-content\/themes\/thefox\/includes\/4k-icons\/icons\/4k-icons-pack02\/icons\/fonts\/fa.ttf') format('truetype'), url('https:\/\/www.forceskimya.com\/wp-content\/themes\/thefox\/includes\/4k-icons\/icons\/4k-icons-pack02\/icons\/fonts\/fa.svg#oi') format('svg'); font-weight: normal; font-style: normal;}#rand_ulcl19ysj8v3jr14p0jc .fa-phone:before{font-family: 'fa'; font-weight: normal; font-style: normal;}#rand_ulcl19ysj8v3jr14p0jc .fa-phone:before{content: \"\\f095\";}<\/style>\n<style type=\"text\/css\" >#rand_ulcl19ysj8v3jr14p0jc:hover {background:rgba(44,62,80,0.01) !important; border:1px solid rgba(0,0,0,0.01) !important; color:!important;}#rand_ulcl19ysj8v3jr14p0jc:hover .icon_circle{background:#2c3e50 !important; border:4px solid #1abc9c!important;}#rand_ulcl19ysj8v3jr14p0jc:hover .icon_circle i{color:#1abc9c !important;}#rand_ulcl19ysj8v3jr14p0jc:hover h3{color:#2c3e50 !important;}#rand_ulcl19ysj8v3jr14p0jc:hover h3{color:#2c3e50 !important;}#rand_ulcl19ysj8v3jr14p0jc:hover p{ color:;}<\/style> <div id=\"rand_ulcl19ysj8v3jr14p0jc\" class=\"icon_box2_alt\" style=\"background:#ffffff; border:1px solid #ffffff; \"><div class=\"icon_circle\" style=\"background-color:#1ad6b1;\"><i class=\"fa-phone\" ><\/i><\/div><h3 style=\"color:#2c3e50;\" >Phone<\/h3><p style=\"color:;\" ><a href=\"tel: 902422550719\">0 242 255 07 19<\/a><\/p><\/div>\n\t\t<\/div> <\/div>\n\t<\/div> \n\n\t<div  class=\"vc_span3 wpb_column vc_column_container\"><div class=\"vc_column-inner vc_custom_1422986166861\">\n\t\t<div class=\"wpb_wrapper\">\n\t\t\t<style type=\"text\/css\" >#rand_ad336hm4pv7j9cr2p9rp {margin-top:0px; margin-bottom:0px; }<\/style><style type=\"text\/css\" >#rand_ad336hm4pv7j9cr2p9rp:hover .icon_circle i{color:#1ad6b1 !important;}#rand_ad336hm4pv7j9cr2p9rp:hover .icon_circle{background:#2d3e50 !important; border:4px solid #1ad6b1!important;}<\/style> <style type='text\/css'> @font-face{font-family: 'fa'; src:url('https:\/\/www.forceskimya.com\/wp-content\/themes\/thefox\/includes\/4k-icons\/icons\/4k-icons-pack02\/icons\/fonts\/fa.eot'); src:url('https:\/\/www.forceskimya.com\/wp-content\/themes\/thefox\/includes\/4k-icons\/icons\/4k-icons-pack02\/icons\/fonts\/fa.eot?#iefix') format('embedded-opentype'), url('https:\/\/www.forceskimya.com\/wp-content\/themes\/thefox\/includes\/4k-icons\/icons\/4k-icons-pack02\/icons\/fonts\/fa.woff') format('woff'), url('https:\/\/www.forceskimya.com\/wp-content\/themes\/thefox\/includes\/4k-icons\/icons\/4k-icons-pack02\/icons\/fonts\/fa.ttf') format('truetype'), url('https:\/\/www.forceskimya.com\/wp-content\/themes\/thefox\/includes\/4k-icons\/icons\/4k-icons-pack02\/icons\/fonts\/fa.svg#oi') format('svg'); font-weight: normal; font-style: normal;}#rand_ad336hm4pv7j9cr2p9rp .fa-clock-o:before{font-family: 'fa'; font-weight: normal; font-style: normal;}#rand_ad336hm4pv7j9cr2p9rp .fa-clock-o:before{content: \"\\f017\";}<\/style>\n<style type=\"text\/css\" >#rand_ad336hm4pv7j9cr2p9rp:hover {background:rgba(44,62,80,0.01) !important; border:1px solid rgba(0,0,0,0.01) !important; color:!important;}#rand_ad336hm4pv7j9cr2p9rp:hover .icon_circle{background:#2c3e50 !important; border:4px solid #1abc9c!important;}#rand_ad336hm4pv7j9cr2p9rp:hover .icon_circle i{color:#1abc9c !important;}#rand_ad336hm4pv7j9cr2p9rp:hover h3{color:#2c3e50 !important;}#rand_ad336hm4pv7j9cr2p9rp:hover h3{color:#2c3e50 !important;}#rand_ad336hm4pv7j9cr2p9rp:hover p{ color:;}<\/style> <div id=\"rand_ad336hm4pv7j9cr2p9rp\" class=\"icon_box2_alt\" style=\"background:#ffffff; border:1px solid #ffffff; \"><div class=\"icon_circle\" style=\"background-color:#1ad6b1;\"><i class=\"fa-clock-o\" ><\/i><\/div><h3 style=\"color:#2c3e50;\" >Hours Of Operation<\/h3><p style=\"color:;\" >Monday-Friday: 08.30 \u2013 19.00<br \/>\nSaturday: 09.00 \u2013 17.00<br \/>\nSunday: Closed<\/p><\/div>\n\t\t<\/div> <\/div>\n\t<\/div> \n<\/div><div   class=\"vc_row wpb_row vc_row-fluid vc_custom_1422985906121\">\n\t<div  class=\"vc_span12 wpb_column vc_column_container\"><div class=\"vc_column-inner\">\n\t\t<div class=\"wpb_wrapper\">\n\t\t\t<style type=\"text\/css\" >#rd_1jf1qdedpd453fc5pvou .wpcf7,#rd_1jf1qdedpd453fc5pvou input:not([type=submit]):not([type=checkbox]),#rd_1jf1qdedpd453fc5pvou textarea,#rd_1jf1qdedpd453fc5pvou .wpcf7 select,#rd_1jf1qdedpd453fc5pvou .wpcf7 input[type=\"checkbox\"]:checked{color:#2c3e50;}#rd_1jf1qdedpd453fc5pvou .wpcf7 input[type=\"checkbox\"]{background:rgba(0,0,0,0); color:rgba(0,0,0,0);}#rd_1jf1qdedpd453fc5pvou .wpcf7 {font-weight:bold;}#rd_1jf1qdedpd453fc5pvou .wpcf7 input[type=submit]{font-size:16px; font-weight:900; border-radius:3px; padding:15px 15px 16px; border-bottom:3px solid rgba(0,0,0,0.5); letter-spacing: 0.5px; margin-top:13px; width:100%;}#rd_1jf1qdedpd453fc5pvou .wpcf7 input[type=submit]:hover {background:#21c2f8; color:#ffffff !important;}#rd_1jf1qdedpd453fc5pvou .wpcf7 input:not([type=submit]):not([type=checkbox]),#rd_1jf1qdedpd453fc5pvou textarea,#rd_1jf1qdedpd453fc5pvou .wpcf7 select{border-radius:4px;}#rd_1jf1qdedpd453fc5pvou .wpcf7 input:not([type=submit]),#rd_1jf1qdedpd453fc5pvou textarea,#rd_1jf1qdedpd453fc5pvou .wpcf7 input[type=submit],#rd_1jf1qdedpd453fc5pvou .wpcf7 select{margin-top:3px;}#rd_1jf1qdedpd453fc5pvou p{margin-bottom:23px;}#rd_1jf1qdedpd453fc5pvou .wpcf7 input:not([type=submit]):not([type=checkbox]),#rd_1jf1qdedpd453fc5pvou .wpcf7  textarea,#rd_1jf1qdedpd453fc5pvou .wpcf7 select{border:1px solid #d6dde2; background:#ffffff;}#rd_1jf1qdedpd453fc5pvou .wpcf7 input[type=submit]{background:#34495e; color:#ffffff !important;}<\/style><div id=\"rd_1jf1qdedpd453fc5pvou\" class=\"\">\n<div class=\"wpcf7 no-js\" id=\"wpcf7-f7460-o1\" lang=\"tr-TR\" dir=\"ltr\">\n<div class=\"screen-reader-response\"><p role=\"status\" aria-live=\"polite\" aria-atomic=\"true\"><\/p> <ul><\/ul><\/div>\n<form action=\"\/en\/wp-json\/wp\/v2\/pages\/4060#wpcf7-f7460-o1\" method=\"post\" class=\"wpcf7-form init\" aria-label=\"Contact form\" novalidate=\"novalidate\" data-status=\"init\" data-trp-original-action=\"\/en\/wp-json\/wp\/v2\/pages\/4060#wpcf7-f7460-o1\">\n<div style=\"display: none;\">\n<input type=\"hidden\" name=\"_wpcf7\" value=\"7460\" \/>\n<input type=\"hidden\" name=\"_wpcf7_version\" value=\"5.7.7\" \/>\n<input type=\"hidden\" name=\"_wpcf7_locale\" value=\"tr_TR\" \/>\n<input type=\"hidden\" name=\"_wpcf7_unit_tag\" value=\"wpcf7-f7460-o1\" \/>\n<input type=\"hidden\" name=\"_wpcf7_container_post\" value=\"0\" \/>\n<input type=\"hidden\" name=\"_wpcf7_posted_data_hash\" value=\"\" \/>\n<\/div>\n<div class=\"left_field\">\n\t<p>FIRST AND LAST NAME *<br \/>\n<span><span class=\"wpcf7-form-control-wrap\" data-name=\"Name\"><input size=\"40\" class=\"wpcf7-form-control wpcf7-text wpcf7-validates-as-required\" aria-required=\"true\" aria-invalid=\"false\" value=\"\" type=\"text\" name=\"Name\" \/><\/span><\/span>\n\t<\/p>\n\t<p>PHONE *<br \/>\n<span class=\"wpcf7-form-control-wrap\" data-name=\"tel-252\"><input size=\"40\" class=\"wpcf7-form-control wpcf7-text wpcf7-tel wpcf7-validates-as-required wpcf7-validates-as-tel\" aria-required=\"true\" aria-invalid=\"false\" value=\"\" type=\"tel\" name=\"tel-252\" \/><\/span>\n\t<\/p>\n<\/div>\n<div class=\"right_field\">\n\t<p>EMAIL *<br \/>\n<span class=\"wpcf7-form-control-wrap\" data-name=\"email-744\"><input size=\"40\" class=\"wpcf7-form-control wpcf7-text wpcf7-email wpcf7-validates-as-required wpcf7-validates-as-email\" aria-required=\"true\" aria-invalid=\"false\" value=\"\" type=\"email\" name=\"email-744\" \/><\/span>\n\t<\/p>\n\t<p>SUBJECT *<br \/>\n<span class=\"wpcf7-form-control-wrap\" data-name=\"text-517\"><input size=\"40\" class=\"wpcf7-form-control wpcf7-text wpcf7-validates-as-required\" aria-required=\"true\" aria-invalid=\"false\" value=\"\" type=\"text\" name=\"text-517\" \/><\/span>\n\t<\/p>\n<\/div>\n<div class=\"message_field\">\n\t<p>MESSAGE *<br \/>\n<span class=\"wpcf7-form-control-wrap\" data-name=\"textarea-588\"><textarea cols=\"40\" rows=\"10\" class=\"wpcf7-form-control wpcf7-textarea wpcf7-validates-as-required\" aria-required=\"true\" aria-invalid=\"false\" name=\"textarea-588\"><\/textarea><\/span>\n\t<\/p>\n\t<p><input class=\"wpcf7-form-control has-spinner wpcf7-submit\" type=\"submit\" value=\"Send\" \/>\n\t<\/p>\n<\/div><div class=\"wpcf7-response-output\" aria-hidden=\"true\"><\/div>\n<input type=\"hidden\" name=\"trp-form-language\" value=\"en\"\/><\/form>\n<\/div>\n<\/div>\n\t\t<\/div> <\/div>\n\t<\/div> \n<\/div><div   class=\"vc_row wpb_row vc_row-fluid\">\n\t<div  class=\"vc_span12 wpb_column vc_column_container\"><div class=\"vc_column-inner\">\n\t\t<div class=\"wpb_wrapper\">\n\t\t\t\n\t<div class=\"wpb_text_column wpb_content_element   ct_2bk5ihv6r65nh4f2l2go\" >\n\t\t<div class=\"wpb_wrapper\" >\n\t\t\t<p>Our products are of international marketing, export the sole authority in matters of granting the franchise BK an international supply company.<\/p>\n\n\t\t<\/div> \n\t<\/div> \r\n\t<div  class=\"wpb_single_image wpb_content_element vc_align_left\">\r\n\t\t<div class=\"wpb_wrapper\">\r\n\t\t\t\r\n\t\t\t<div class=\"vc_single_image-wrapper vc_box_shadow  vc_box_border_grey\"><img width=\"311\" height=\"105\" src=\"https:\/\/www.forceskimya.com\/wp-content\/uploads\/2021\/12\/image001.png\" class=\"vc_single_image-img attachment-full\" alt=\"\" decoding=\"async\" loading=\"lazy\" title=\"image001\" srcset=\"https:\/\/www.forceskimya.com\/wp-content\/uploads\/2021\/12\/image001.png 311w, https:\/\/www.forceskimya.com\/wp-content\/uploads\/2021\/12\/image001-300x101.png 300w, https:\/\/www.forceskimya.com\/wp-content\/uploads\/2021\/12\/image001-18x6.png 18w\" sizes=\"(max-width: 311px) 100vw, 311px\" \/><\/div>\r\n\t\t<\/div>\r\n\t<\/div>\r\n\n\t\t<\/div> <\/div>\n\t<\/div> \n<\/div>\n<\/section>","protected":false},"excerpt":{"rendered":"<p>AdresFORCES Kimya Sanayi ve Ticaret Ltd. \u015eti. Gaziler Mah. 250 Sk. No:1 Kepez\/Antalya Emailinfo@forceskimya.com Telefon0 242 255 07 19 \u00c7al\u0131\u015fma SaatleriPazartesi-Cuma: 08.30 \u2013 19.00 Cumartesi: 09.00 &#8211; 17.00 Pazar: Kapal\u0131 AD SOYAD * TELEFON * EMAIL * KONU * MESAJ * \u00dcr\u00fcnlerimizin uluslararas\u0131 alanda pazarlanmas\u0131, ihracat\u0131 ve bayilik verilmesi konular\u0131nda tek yetkili BK INTERNATIONAL SUPPLY<br \/><a href=\"https:\/\/www.forceskimya.com\/en\/iletisim\/\" class=\"more\">Read more<\/a><\/p>","protected":false},"author":1,"featured_media":0,"parent":0,"menu_order":0,"comment_status":"closed","ping_status":"open","template":"","meta":[],"_links":{"self":[{"href":"https:\/\/www.forceskimya.com\/en\/wp-json\/wp\/v2\/pages\/4060"}],"collection":[{"href":"https:\/\/www.forceskimya.com\/en\/wp-json\/wp\/v2\/pages"}],"about":[{"href":"https:\/\/www.forceskimya.com\/en\/wp-json\/wp\/v2\/types\/page"}],"author":[{"embeddable":true,"href":"https:\/\/www.forceskimya.com\/en\/wp-json\/wp\/v2\/users\/1"}],"replies":[{"embeddable":true,"href":"https:\/\/www.forceskimya.com\/en\/wp-json\/wp\/v2\/comments?post=4060"}],"version-history":[{"count":0,"href":"https:\/\/www.forceskimya.com\/en\/wp-json\/wp\/v2\/pages\/4060\/revisions"}],"wp:attachment":[{"href":"https:\/\/www.forceskimya.com\/en\/wp-json\/wp\/v2\/media?parent=4060"}],"curies":[{"name":"wp","href":"https:\/\/api.w.org\/{rel}","templated":true}]}}