{"id":3801,"date":"2015-02-01T20:19:15","date_gmt":"2015-02-01T12:19:15","guid":{"rendered":"http:\/\/www.rd-themes.com\/TheFox\/?page_id=3801"},"modified":"2021-12-20T11:32:22","modified_gmt":"2021-12-20T11:32:22","slug":"hakkimizda","status":"publish","type":"page","link":"https:\/\/www.forceskimya.com\/en\/hakkimizda\/","title":{"rendered":"About us"},"content":{"rendered":"<section class=\"wpb-content-wrapper\"><div   class=\"vc_row wpb_row vc_row-fluid vc_custom_1422768721545\">\n\t<div  class=\"vc_span6 wpb_column vc_column_container rda_fadeInLeft\"><div class=\"vc_column-inner vc_custom_1422769029372\">\n\t\t<div class=\"wpb_wrapper\">\n\t\t\t\r\n\t<div  class=\"wpb_single_image wpb_content_element vc_align_center   vc_custom_1553327552822\">\r\n\t\t<div class=\"wpb_wrapper\">\r\n\t\t\t\r\n\t\t\t<div class=\"vc_single_image-wrapper   vc_box_border_grey\"><img width=\"450\" height=\"400\" src=\"https:\/\/www.forceskimya.com\/wp-content\/uploads\/2019\/03\/forces-kimya-hakkimizda-5.jpg\" class=\"vc_single_image-img attachment-full\" alt=\"\" decoding=\"async\" loading=\"lazy\" title=\"forces-kimya-hakkimizda-5\" srcset=\"https:\/\/www.forceskimya.com\/wp-content\/uploads\/2019\/03\/forces-kimya-hakkimizda-5.jpg 450w, https:\/\/www.forceskimya.com\/wp-content\/uploads\/2019\/03\/forces-kimya-hakkimizda-5-300x267.jpg 300w, https:\/\/www.forceskimya.com\/wp-content\/uploads\/2019\/03\/forces-kimya-hakkimizda-5-14x12.jpg 14w\" sizes=\"(max-width: 450px) 100vw, 450px\" \/><\/div>\r\n\t\t<\/div>\r\n\t<\/div>\r\n\n\t\t<\/div> <\/div>\n\t<\/div> \n\n\t<div  class=\"vc_span6 wpb_column vc_column_container\"><div class=\"vc_column-inner vc_custom_1422768540581\">\n\t\t<div class=\"wpb_wrapper\">\n\t\t\t<h2 style=\"font-size: 30px;text-align: left;font-family:Roboto;font-weight:700;font-style:normal\" class=\"vc_custom_heading letterspacing-2 vc_custom_1551767995485\" >ABOUT FORCES CHEMISTRY<\/h2>\n\t<div class=\"wpb_text_column wpb_content_element  vc_custom_1639999939393  ct_16ef7lwgacrhz2v6n1ip\" >\n\t\t<div class=\"wpb_wrapper\" >\n\t\t\t<p>FORCES the chemical industry and trade limited company is a company established in the Izmir region. Industrial cleaning, maintenance and hygiene products industrial on-site produces. 100 %domestic capital with the established forces in the chemical industry in Turkey has taken its place among known and respected organizations. An expert in the field visits and direct customer sales representatives in all regions of the country that is performed partnership offers the solution by doing demos. Also after-sales services, our products for the purpose of prevention of waste and the correct use of the product training is provided to users.<\/p>\n<p>Strong R &amp; D and domestic goods instead of imported products with the expert team to save the country&#039;s economy is working. Forces chemical products; government agencies, factories, mines, hotels, restaurants, hospitals, laundries, such as mass consumption in all areas where there is the best offers. Forces chemistry, as we consider only the present&#039;s future, environmental awareness, eco-friendly products. On the subject of contributing to the rapidly growing national economy and employment, it is also his responsibility by fulfilling the export target platforms the best way to represent our country with international trade is a basic principle.<\/p>\n\n\t\t<\/div> \n\t<\/div> <style type=\"text\/css\" >#b_iz8s00jjn4tovv417ldf a{color:#2c3e50; background:#ffffff; border-style:solid; border-color:#2c3e50; margin-top:0px; margin-bottom:0px;  margin-left:0px; margin-right:0px; font-weight:700; border-radius:4px;}#b_iz8s00jjn4tovv417ldf a:hover{color:#ffffff ; background:#2c3e50 ; border-color:#2c3e50;}<\/style><div class=\"ta_left tf_btn_pos\" id=\"b_iz8s00jjn4tovv417ldf\" ><a class=\"rd_stroke_bt small_rd_bt border_2px  bt_icon_right\" href=\"https:\/\/www.forceskimya.com\/en\/iletisim\/\" target=\"\"   ><span>COMMUNICATION<\/span><i class=\"ion-ios7-arrow-thin-right\" ><\/i><\/a><\/div><style type=\"text\/css\" >#b_iz8s00jjn4tovv417ldf i {color:#2c3e50;}#b_iz8s00jjn4tovv417ldf a:hover i{color:#ffffff;}<\/style><style type='text\/css'> @font-face{font-family: 'ion'; src:url('https:\/\/www.forceskimya.com\/wp-content\/themes\/thefox\/includes\/4k-icons\/icons\/4k-icons-pack03\/icons\/fonts\/ion.eot'); src:url('https:\/\/www.forceskimya.com\/wp-content\/themes\/thefox\/includes\/4k-icons\/icons\/4k-icons-pack03\/icons\/fonts\/ion.eot?#iefix') format('embedded-opentype'), url('https:\/\/www.forceskimya.com\/wp-content\/themes\/thefox\/includes\/4k-icons\/icons\/4k-icons-pack03\/icons\/fonts\/ion.woff') format('woff'), url('https:\/\/www.forceskimya.com\/wp-content\/themes\/thefox\/includes\/4k-icons\/icons\/4k-icons-pack03\/icons\/fonts\/ion.ttf') format('truetype'), url('https:\/\/www.forceskimya.com\/wp-content\/themes\/thefox\/includes\/4k-icons\/icons\/4k-icons-pack03\/icons\/fonts\/ion.svg#oi') format('svg'); font-weight: normal; font-style: normal;}#b_iz8s00jjn4tovv417ldf .ion-ios7-arrow-thin-right:before{font-family: 'ion'; font-weight: normal; font-style: normal;}#b_iz8s00jjn4tovv417ldf .ion-ios7-arrow-thin-right:before{content: \"\\e8bb\";}<\/style>\n\n\t\t<\/div> <\/div>\n\t<\/div> \n<\/div><div   class=\"vc_row wpb_row vc_row-fluid vc_custom_1420364456917 full-width-section\">\n\t<div  class=\"vc_span4 wpb_column vc_column_container rda_flipInY\"><div class=\"vc_column-inner vc_custom_1420364384755\">\n\t\t<div class=\"wpb_wrapper\">\n\t\t\t\r\n\t<div  class=\"wpb_single_image wpb_content_element vc_align_left   vc_custom_1553326819252\">\r\n\t\t<div class=\"wpb_wrapper\">\r\n\t\t\t\r\n\t\t\t<div class=\"vc_single_image-wrapper   vc_box_border_grey\"><img width=\"740\" height=\"540\" src=\"https:\/\/www.forceskimya.com\/wp-content\/uploads\/2019\/03\/forceskimya-vizyonumuz.jpg\" class=\"vc_single_image-img attachment-full\" alt=\"\" decoding=\"async\" loading=\"lazy\" title=\"forceskimya-vizyonumuz\" srcset=\"https:\/\/www.forceskimya.com\/wp-content\/uploads\/2019\/03\/forceskimya-vizyonumuz.jpg 740w, https:\/\/www.forceskimya.com\/wp-content\/uploads\/2019\/03\/forceskimya-vizyonumuz-300x219.jpg 300w, https:\/\/www.forceskimya.com\/wp-content\/uploads\/2019\/03\/forceskimya-vizyonumuz-600x438.jpg 600w, https:\/\/www.forceskimya.com\/wp-content\/uploads\/2019\/03\/forceskimya-vizyonumuz-16x12.jpg 16w\" sizes=\"(max-width: 740px) 100vw, 740px\" \/><\/div>\r\n\t\t<\/div>\r\n\t<\/div>\r\n<h3 style=\"font-size: 14px;color: #2c3e50;text-align: left;font-family:Roboto;font-weight:900;font-style:normal\" class=\"vc_custom_heading letterspacing-1 vc_custom_1551768379224\" >Our vision<\/h3>\n\t<div class=\"wpb_text_column wpb_content_element  vc_custom_1551958963568  ct_0rg584gp28po6rn61mur\" >\n\t\t<div class=\"wpb_wrapper\" >\n\t\t\t<p>Chemical Forces;<br \/>\nOur knowledge, our domestic capital and the expectations of our customers, with our professional service, by performing in the field of industrial chemistry, a perfectionist, it is the basic principle of the approach.<\/p>\n\n\t\t<\/div> \n\t<\/div> \n\t\t<\/div> <\/div>\n\t<\/div> \n\n\t<div  class=\"vc_span4 wpb_column vc_column_container rda_flipInY\"><div class=\"vc_column-inner vc_custom_1420364390805\">\n\t\t<div class=\"wpb_wrapper\">\n\t\t\t\r\n\t<div  class=\"wpb_single_image wpb_content_element vc_align_left   vc_custom_1553326838099\">\r\n\t\t<div class=\"wpb_wrapper\">\r\n\t\t\t\r\n\t\t\t<div class=\"vc_single_image-wrapper   vc_box_border_grey\"><img width=\"740\" height=\"540\" src=\"https:\/\/www.forceskimya.com\/wp-content\/uploads\/2019\/03\/forceskimya-misyonumuz.jpg\" class=\"vc_single_image-img attachment-full\" alt=\"\" decoding=\"async\" loading=\"lazy\" title=\"forceskimya-misyonumuz\" srcset=\"https:\/\/www.forceskimya.com\/wp-content\/uploads\/2019\/03\/forceskimya-misyonumuz.jpg 740w, https:\/\/www.forceskimya.com\/wp-content\/uploads\/2019\/03\/forceskimya-misyonumuz-300x219.jpg 300w, https:\/\/www.forceskimya.com\/wp-content\/uploads\/2019\/03\/forceskimya-misyonumuz-600x438.jpg 600w, https:\/\/www.forceskimya.com\/wp-content\/uploads\/2019\/03\/forceskimya-misyonumuz-16x12.jpg 16w\" sizes=\"(max-width: 740px) 100vw, 740px\" \/><\/div>\r\n\t\t<\/div>\r\n\t<\/div>\r\n<h3 style=\"font-size: 14px;color: #2c3e50;text-align: left;font-family:Roboto;font-weight:900;font-style:normal\" class=\"vc_custom_heading letterspacing-1 vc_custom_1551768396251\" >Our mission<\/h3>\n\t<div class=\"wpb_text_column wpb_content_element   ct_nvzfl3ta0tgjwt83lwpu\" >\n\t\t<div class=\"wpb_wrapper\" >\n\t\t\t<p>Innovative and effective management approach within the framework of a sense of social responsibility, both suppliers and customers, and employees by providing added value to our team, our professional services to maximize customer satisfaction.<\/p>\n\n\t\t<\/div> \n\t<\/div> \n\t\t<\/div> <\/div>\n\t<\/div> \n\n\t<div  class=\"vc_span4 wpb_column vc_column_container rda_flipInY\"><div class=\"vc_column-inner vc_custom_1420364396555\">\n\t\t<div class=\"wpb_wrapper\">\n\t\t\t\r\n\t<div  class=\"wpb_single_image wpb_content_element vc_align_left   vc_custom_1553327159001\">\r\n\t\t<div class=\"wpb_wrapper\">\r\n\t\t\t\r\n\t\t\t<div class=\"vc_single_image-wrapper   vc_box_border_grey\"><img width=\"740\" height=\"540\" src=\"https:\/\/www.forceskimya.com\/wp-content\/uploads\/2019\/03\/forcekimya-degerlerimiz.jpg\" class=\"vc_single_image-img attachment-full\" alt=\"\" decoding=\"async\" loading=\"lazy\" title=\"forcekimya-degerlerimiz\" srcset=\"https:\/\/www.forceskimya.com\/wp-content\/uploads\/2019\/03\/forcekimya-degerlerimiz.jpg 740w, https:\/\/www.forceskimya.com\/wp-content\/uploads\/2019\/03\/forcekimya-degerlerimiz-300x219.jpg 300w, https:\/\/www.forceskimya.com\/wp-content\/uploads\/2019\/03\/forcekimya-degerlerimiz-600x438.jpg 600w, https:\/\/www.forceskimya.com\/wp-content\/uploads\/2019\/03\/forcekimya-degerlerimiz-16x12.jpg 16w\" sizes=\"(max-width: 740px) 100vw, 740px\" \/><\/div>\r\n\t\t<\/div>\r\n\t<\/div>\r\n<h3 style=\"font-size: 14px;color: #2c3e50;text-align: left;font-family:Roboto;font-weight:900;font-style:normal\" class=\"vc_custom_heading letterspacing-1 vc_custom_1551768408203\" >Our values<\/h3>\n\t<div class=\"wpb_text_column wpb_content_element   ct_b65p9el8l6najwup6zqx\" >\n\t\t<div class=\"wpb_wrapper\" >\n\t\t\t<p>By following the technological developments, continuous development and innovation, without sacrificing quality, professional and competent in technical fields, reflecting customer satisfaction with a professional team and teamwork, environmental awareness, we continue to progress with.<\/p>\n\n\t\t<\/div> \n\t<\/div> \n\t\t<\/div> <\/div>\n\t<\/div> \n<\/div><div   class=\"vc_row wpb_row vc_row-fluid vc_custom_1551361595874 full-width-section\" style=\"color:#ffffff;\">\n\t<div  class=\"vc_span12 wpb_column vc_column_container\"><div class=\"vc_column-inner\">\n\t\t<div class=\"wpb_wrapper\">\n\t\t\t<h3 style=\"font-size: 24px;color: #ffffff;text-align: center;font-family:Roboto;font-weight:900;font-style:normal\" class=\"vc_custom_heading vc_custom_1551959557104\" >Industrial cleaning - industrial maintenance and hygiene products<\/h3><h3 style=\"font-size: 40px;color: #ffffff;text-align: center;font-family:Roboto;font-weight:900;font-style:normal\" class=\"vc_custom_heading\" >100 %DOMESTIC CAPITAL AND PROFESSIONAL SERVICES<\/h3><style type=\"text\/css\" >#b_5oidct5v5u2t8axdtmo1{margin-top:0px; margin-bottom:0px;}#b_5oidct5v5u2t8axdtmo1 .f_btn{color:#ffffff; background: #2c3e50;}#b_5oidct5v5u2t8axdtmo1 .f_btn:hover{color:#ffffff ; background:#45d0ff ;}#b_5oidct5v5u2t8axdtmo1 .s_btn{color:#ffffff; background: #00a3da;}#b_5oidct5v5u2t8axdtmo1 .s_btn:hover{color:#ffffff ; background:#1dd1ad ;}<\/style><div class=\"rd_db_1 clearfix\" id=\"b_5oidct5v5u2t8axdtmo1\" ><a class=\"f_btn rda_bounceInLeft\" href=\"http:\/\/www.forceskimya.com\/en\/urunler\/\" target=\"_blank\" >PRODUCTS<\/a><a class=\"s_btn rda_bounceInRight\" href=\"https:\/\/www.forceskimya.com\/en\/iletisim\/\" target=\"_blank\" >COMMUNICATION<\/a><\/div>\n\t\t<\/div> <\/div>\n\t<\/div> \n<\/div><div   class=\"vc_row wpb_row vc_row-fluid vc_custom_1551960972292 full-width-section\" style=\"color:#ffffff;\">\n\t<div  class=\"vc_span3 wpb_column vc_column_container\"><div class=\"vc_column-inner\">\n\t\t<div class=\"wpb_wrapper\">\n\t\t\t<div class=\"rd_count_to count_style_9\"  id=\"rand_ffl3ffg8jtu3626726wq\" ><div class=\"count_number\" data-from=\"0\" data-to=\"10.00\" data-speed=\"1000\" data-refresh-interval=\"25\" data-decimals=\"0\" style=\"color:#ffffff\">0<\/div><span class=\"count_title\" style=\"color:#ffffff\">Years Of Experience<\/span><\/div>\n\t\t<\/div> <\/div>\n\t<\/div> \n\n\t<div  class=\"vc_span3 wpb_column vc_column_container\"><div class=\"vc_column-inner\">\n\t\t<div class=\"wpb_wrapper\">\n\t\t\t<div class=\"rd_count_to count_style_9\"  id=\"rand_ssd83nuc8lh66aezftm5\" ><div class=\"count_number\" data-from=\"0\" data-to=\"85\" data-speed=\"1000\" data-refresh-interval=\"25\" data-decimals=\"0\" style=\"color:#ffffff\">0<\/div><span class=\"count_title\" style=\"color:#ffffff\">Eco-Friendly Product<\/span><\/div>\n\t\t<\/div> <\/div>\n\t<\/div> \n\n\t<div  class=\"vc_span3 wpb_column vc_column_container\"><div class=\"vc_column-inner\">\n\t\t<div class=\"wpb_wrapper\">\n\t\t\t<div class=\"rd_count_to count_style_9\"  id=\"rand_9q16idbr6eu674v50abp\" ><div class=\"count_number\" data-from=\"0\" data-to=\"30.00\" data-speed=\"1000\" data-refresh-interval=\"25\" data-decimals=\"\" style=\"color:#ffffff\">0<\/div><span class=\"count_title\" style=\"color:#ffffff\">Expert Team<\/span><\/div>\n\t\t<\/div> <\/div>\n\t<\/div> \n\n\t<div  class=\"vc_span3 wpb_column vc_column_container\"><div class=\"vc_column-inner\">\n\t\t<div class=\"wpb_wrapper\">\n\t\t\t<div class=\"rd_count_to count_style_9\"  id=\"rand_zd0v2nk8ma4un7fvnfgq\" ><div class=\"count_number\" data-from=\"0\" data-to=\"250.00\" data-speed=\"1000\" data-refresh-interval=\"25\" data-decimals=\"\" style=\"color:#ffffff\">0<\/div><span class=\"count_title\" style=\"color:#ffffff\">Satisfied Customers<\/span><\/div>\n\t\t<\/div> <\/div>\n\t<\/div> \n<\/div>\n<\/section>","protected":false},"excerpt":{"rendered":"<p>FORCES K\u0130MYA HAKKINDA FORCES Kimya Sanayi ve Ticaret Limited \u015eirketi, \u0130zmir B\u00f6lgesinde kurulmu\u015f bir \u015firkettir. End\u00fcstriyel temizlik, end\u00fcstriyel bak\u0131m ve hijyen \u00fcr\u00fcnlerini kendi b\u00fcnyesinde \u00fcretmektedir. %100 yerli sermaye ile kurulan FORCES Kimya, sekt\u00f6r\u00fcnde T\u00fcrkiye\u2019nin bilinen ve sayg\u0131n kurulu\u015flar\u0131 aras\u0131nda yerini alm\u0131\u015ft\u0131r. Alan\u0131nda uzman sat\u0131\u015f temsilcileri, yurt i\u00e7i b\u00fct\u00fcn b\u00f6lgelerde ger\u00e7ekle\u015ftirilen birebir m\u00fc\u015fteri ziyaretleri ve demolar<br \/><a href=\"https:\/\/www.forceskimya.com\/en\/hakkimizda\/\" class=\"more\">Read more<\/a><\/p>","protected":false},"author":1,"featured_media":0,"parent":0,"menu_order":0,"comment_status":"closed","ping_status":"open","template":"","meta":[],"_links":{"self":[{"href":"https:\/\/www.forceskimya.com\/en\/wp-json\/wp\/v2\/pages\/3801"}],"collection":[{"href":"https:\/\/www.forceskimya.com\/en\/wp-json\/wp\/v2\/pages"}],"about":[{"href":"https:\/\/www.forceskimya.com\/en\/wp-json\/wp\/v2\/types\/page"}],"author":[{"embeddable":true,"href":"https:\/\/www.forceskimya.com\/en\/wp-json\/wp\/v2\/users\/1"}],"replies":[{"embeddable":true,"href":"https:\/\/www.forceskimya.com\/en\/wp-json\/wp\/v2\/comments?post=3801"}],"version-history":[{"count":0,"href":"https:\/\/www.forceskimya.com\/en\/wp-json\/wp\/v2\/pages\/3801\/revisions"}],"wp:attachment":[{"href":"https:\/\/www.forceskimya.com\/en\/wp-json\/wp\/v2\/media?parent=3801"}],"curies":[{"name":"wp","href":"https:\/\/api.w.org\/{rel}","templated":true}]}}